{"id":9965,"date":"2023-02-22T18:59:04","date_gmt":"2023-02-22T18:59:04","guid":{"rendered":"https:\/\/acourtofalsacesart.com\/?post_type=product&#038;p=9965"},"modified":"2025-12-01T19:56:22","modified_gmt":"2025-12-01T19:56:22","slug":"reading-journal-reading-tracker","status":"publish","type":"product","link":"https:\/\/acourtofalsacesart.com\/index.php\/producto\/reading-journal-reading-tracker\/","title":{"rendered":"Reading journal &#038; Reading tracker."},"content":{"rendered":"<p>El reading journal es la versi\u00f3n librito y el reading tracker la versi\u00f3n bloc de notas.<\/p>\n<p>Con la compra de x1 de las dos opciones os llev\u00e1is un set de mini pegatinas de libros rom\u00e1nticos o de fantas\u00eda que recomiendan los lectores.<\/p>\n<p>El reading journal tiene para m\u00e1s de 50 rese\u00f1as.<\/p>\n<p>El reading tracker tiene para m\u00e1s de 20 rese\u00f1as.<\/p>\n","protected":false},"excerpt":{"rendered":"<p>El reading journal es la versi\u00f3n librito y el reading tracker la versi\u00f3n bloc de notas. Con la compra de x1 de las dos opciones os llev\u00e1is un set de mini pegatinas de libros rom\u00e1nticos o de fantas\u00eda que recomiendan los lectores. El reading journal tiene para m\u00e1s de 50 [&hellip;]<\/p>\n","protected":false},"featured_media":9867,"comment_status":"open","ping_status":"closed","template":"","meta":{"_mo_disable_npp":""},"product_brand":[],"product_cat":[2364,1772,250],"product_tag":[],"class_list":{"0":"post-9965","1":"product","2":"type-product","3":"status-publish","4":"has-post-thumbnail","6":"product_cat-aa-outlet","7":"product_cat-novedades","8":"product_cat-stationery","10":"first","11":"instock","12":"taxable","13":"shipping-taxable","14":"purchasable","15":"product-type-variable"},"_links":{"self":[{"href":"https:\/\/acourtofalsacesart.com\/index.php\/wp-json\/wp\/v2\/product\/9965","targetHints":{"allow":["GET"]}}],"collection":[{"href":"https:\/\/acourtofalsacesart.com\/index.php\/wp-json\/wp\/v2\/product"}],"about":[{"href":"https:\/\/acourtofalsacesart.com\/index.php\/wp-json\/wp\/v2\/types\/product"}],"replies":[{"embeddable":true,"href":"https:\/\/acourtofalsacesart.com\/index.php\/wp-json\/wp\/v2\/comments?post=9965"}],"wp:featuredmedia":[{"embeddable":true,"href":"https:\/\/acourtofalsacesart.com\/index.php\/wp-json\/wp\/v2\/media\/9867"}],"wp:attachment":[{"href":"https:\/\/acourtofalsacesart.com\/index.php\/wp-json\/wp\/v2\/media?parent=9965"}],"wp:term":[{"taxonomy":"product_brand","embeddable":true,"href":"https:\/\/acourtofalsacesart.com\/index.php\/wp-json\/wp\/v2\/product_brand?post=9965"},{"taxonomy":"product_cat","embeddable":true,"href":"https:\/\/acourtofalsacesart.com\/index.php\/wp-json\/wp\/v2\/product_cat?post=9965"},{"taxonomy":"product_tag","embeddable":true,"href":"https:\/\/acourtofalsacesart.com\/index.php\/wp-json\/wp\/v2\/product_tag?post=9965"}],"curies":[{"name":"wp","href":"https:\/\/api.w.org\/{rel}","templated":true}]}}