{"id":7525,"date":"2022-12-04T20:28:47","date_gmt":"2022-12-04T20:28:47","guid":{"rendered":"https:\/\/acourtofalsacesart.com\/?post_type=product&#038;p=7525"},"modified":"2025-03-25T20:30:04","modified_gmt":"2025-03-25T20:30:04","slug":"marcapaginas-magnetico-rhaenyra-y-daemon","status":"publish","type":"product","link":"https:\/\/acourtofalsacesart.com\/index.php\/producto\/marcapaginas-magnetico-rhaenyra-y-daemon\/","title":{"rendered":"Marcap\u00e1ginas magn\u00e9tico Rhaenyra y Daemon."},"content":{"rendered":"<p>Marcap\u00e1ginas magn\u00e9tico Rhaenyra y Daemon.<\/p>\n","protected":false},"excerpt":{"rendered":"<p>Marcap\u00e1ginas magn\u00e9tico Rhaenyra y Daemon.<\/p>\n","protected":false},"featured_media":7581,"comment_status":"open","ping_status":"closed","template":"","meta":{"_mo_disable_npp":""},"product_brand":[],"product_cat":[278,1772],"product_tag":[],"class_list":{"0":"post-7525","1":"product","2":"type-product","3":"status-publish","4":"has-post-thumbnail","6":"product_cat-ma","7":"product_cat-novedades","9":"first","10":"instock","11":"taxable","12":"shipping-taxable","13":"purchasable","14":"product-type-simple"},"_links":{"self":[{"href":"https:\/\/acourtofalsacesart.com\/index.php\/wp-json\/wp\/v2\/product\/7525","targetHints":{"allow":["GET"]}}],"collection":[{"href":"https:\/\/acourtofalsacesart.com\/index.php\/wp-json\/wp\/v2\/product"}],"about":[{"href":"https:\/\/acourtofalsacesart.com\/index.php\/wp-json\/wp\/v2\/types\/product"}],"replies":[{"embeddable":true,"href":"https:\/\/acourtofalsacesart.com\/index.php\/wp-json\/wp\/v2\/comments?post=7525"}],"wp:featuredmedia":[{"embeddable":true,"href":"https:\/\/acourtofalsacesart.com\/index.php\/wp-json\/wp\/v2\/media\/7581"}],"wp:attachment":[{"href":"https:\/\/acourtofalsacesart.com\/index.php\/wp-json\/wp\/v2\/media?parent=7525"}],"wp:term":[{"taxonomy":"product_brand","embeddable":true,"href":"https:\/\/acourtofalsacesart.com\/index.php\/wp-json\/wp\/v2\/product_brand?post=7525"},{"taxonomy":"product_cat","embeddable":true,"href":"https:\/\/acourtofalsacesart.com\/index.php\/wp-json\/wp\/v2\/product_cat?post=7525"},{"taxonomy":"product_tag","embeddable":true,"href":"https:\/\/acourtofalsacesart.com\/index.php\/wp-json\/wp\/v2\/product_tag?post=7525"}],"curies":[{"name":"wp","href":"https:\/\/api.w.org\/{rel}","templated":true}]}}