{"id":7521,"date":"2022-12-04T20:28:37","date_gmt":"2022-12-04T20:28:37","guid":{"rendered":"https:\/\/acourtofalsacesart.com\/?post_type=product&#038;p=7521"},"modified":"2024-09-02T06:13:21","modified_gmt":"2024-09-02T06:13:21","slug":"marcapaginas-magneticos-bola-de-nieve-terrasen-y-hogwarts","status":"publish","type":"product","link":"https:\/\/acourtofalsacesart.com\/index.php\/producto\/marcapaginas-magneticos-bola-de-nieve-terrasen-y-hogwarts\/","title":{"rendered":"Marcap\u00e1ginas magn\u00e9ticos bola de nieve: Terrasen y Hogwarts."},"content":{"rendered":"<p>Marcap\u00e1ginas magn\u00e9ticos bola de nieve: Terrasen y Hogwarts.<\/p>\n","protected":false},"excerpt":{"rendered":"<p>Marcap\u00e1ginas magn\u00e9ticos bola de nieve: Terrasen y Hogwarts.<\/p>\n","protected":false},"featured_media":7584,"comment_status":"open","ping_status":"closed","template":"","meta":{"_mo_disable_npp":""},"product_brand":[],"product_cat":[1734,278,1772],"product_tag":[],"class_list":{"0":"post-7521","1":"product","2":"type-product","3":"status-publish","4":"has-post-thumbnail","6":"product_cat-coleccion-navidad","7":"product_cat-ma","8":"product_cat-novedades","10":"first","11":"instock","12":"taxable","13":"shipping-taxable","14":"purchasable","15":"product-type-variable"},"_links":{"self":[{"href":"https:\/\/acourtofalsacesart.com\/index.php\/wp-json\/wp\/v2\/product\/7521","targetHints":{"allow":["GET"]}}],"collection":[{"href":"https:\/\/acourtofalsacesart.com\/index.php\/wp-json\/wp\/v2\/product"}],"about":[{"href":"https:\/\/acourtofalsacesart.com\/index.php\/wp-json\/wp\/v2\/types\/product"}],"replies":[{"embeddable":true,"href":"https:\/\/acourtofalsacesart.com\/index.php\/wp-json\/wp\/v2\/comments?post=7521"}],"wp:featuredmedia":[{"embeddable":true,"href":"https:\/\/acourtofalsacesart.com\/index.php\/wp-json\/wp\/v2\/media\/7584"}],"wp:attachment":[{"href":"https:\/\/acourtofalsacesart.com\/index.php\/wp-json\/wp\/v2\/media?parent=7521"}],"wp:term":[{"taxonomy":"product_brand","embeddable":true,"href":"https:\/\/acourtofalsacesart.com\/index.php\/wp-json\/wp\/v2\/product_brand?post=7521"},{"taxonomy":"product_cat","embeddable":true,"href":"https:\/\/acourtofalsacesart.com\/index.php\/wp-json\/wp\/v2\/product_cat?post=7521"},{"taxonomy":"product_tag","embeddable":true,"href":"https:\/\/acourtofalsacesart.com\/index.php\/wp-json\/wp\/v2\/product_tag?post=7521"}],"curies":[{"name":"wp","href":"https:\/\/api.w.org\/{rel}","templated":true}]}}