{"id":7040,"date":"2022-11-19T20:29:53","date_gmt":"2022-11-19T20:29:53","guid":{"rendered":"https:\/\/acourtofalsacesart.com\/?post_type=product&#038;p=7040"},"modified":"2025-11-16T10:46:45","modified_gmt":"2025-11-16T10:46:45","slug":"christmas-magnetic-bookmarks","status":"publish","type":"product","link":"https:\/\/acourtofalsacesart.com\/index.php\/producto\/christmas-magnetic-bookmarks\/","title":{"rendered":"Christmas Magnetic Bookmarks."},"content":{"rendered":"<p>Marcap\u00e1ginas navide\u00f1os con los personajes disfrazados con trajecitos navide\u00f1os.<\/p>\n","protected":false},"excerpt":{"rendered":"<p>Marcap\u00e1ginas navide\u00f1os con los personajes disfrazados con trajecitos navide\u00f1os.<\/p>\n","protected":false},"featured_media":7005,"comment_status":"open","ping_status":"closed","template":"","meta":{"_mo_disable_npp":""},"product_brand":[],"product_cat":[1734,278],"product_tag":[],"class_list":{"0":"post-7040","1":"product","2":"type-product","3":"status-publish","4":"has-post-thumbnail","6":"product_cat-coleccion-navidad","7":"product_cat-ma","9":"first","10":"instock","11":"taxable","12":"shipping-taxable","13":"purchasable","14":"product-type-variable"},"_links":{"self":[{"href":"https:\/\/acourtofalsacesart.com\/index.php\/wp-json\/wp\/v2\/product\/7040","targetHints":{"allow":["GET"]}}],"collection":[{"href":"https:\/\/acourtofalsacesart.com\/index.php\/wp-json\/wp\/v2\/product"}],"about":[{"href":"https:\/\/acourtofalsacesart.com\/index.php\/wp-json\/wp\/v2\/types\/product"}],"replies":[{"embeddable":true,"href":"https:\/\/acourtofalsacesart.com\/index.php\/wp-json\/wp\/v2\/comments?post=7040"}],"wp:featuredmedia":[{"embeddable":true,"href":"https:\/\/acourtofalsacesart.com\/index.php\/wp-json\/wp\/v2\/media\/7005"}],"wp:attachment":[{"href":"https:\/\/acourtofalsacesart.com\/index.php\/wp-json\/wp\/v2\/media?parent=7040"}],"wp:term":[{"taxonomy":"product_brand","embeddable":true,"href":"https:\/\/acourtofalsacesart.com\/index.php\/wp-json\/wp\/v2\/product_brand?post=7040"},{"taxonomy":"product_cat","embeddable":true,"href":"https:\/\/acourtofalsacesart.com\/index.php\/wp-json\/wp\/v2\/product_cat?post=7040"},{"taxonomy":"product_tag","embeddable":true,"href":"https:\/\/acourtofalsacesart.com\/index.php\/wp-json\/wp\/v2\/product_tag?post=7040"}],"curies":[{"name":"wp","href":"https:\/\/api.w.org\/{rel}","templated":true}]}}