{"id":5965,"date":"2022-10-19T17:33:08","date_gmt":"2022-10-19T17:33:08","guid":{"rendered":"https:\/\/acourtofalsacesart.com\/index.php\/producto\/glitter-bookmark-with-any-desing-of-the-bookmark-cathalogue\/"},"modified":"2024-11-17T16:24:20","modified_gmt":"2024-11-17T16:24:20","slug":"glitter-bookmark-with-any-desing-of-the-bookmark-cathalogue","status":"publish","type":"product","link":"https:\/\/acourtofalsacesart.com\/index.php\/producto\/glitter-bookmark-with-any-desing-of-the-bookmark-cathalogue\/","title":{"rendered":"Glitter bookmark : with any desing of the bookmark cathalogue."},"content":{"rendered":"<p>Marcap\u00e1ginas con acabado glitter: personalizalo con cualquier dise\u00f1o del cat\u00e1logo.<\/p>\n","protected":false},"excerpt":{"rendered":"<p>Marcap\u00e1ginas con acabado glitter: personalizalo con cualquier dise\u00f1o del &#8230;<\/p>\n","protected":false},"featured_media":5966,"comment_status":"open","ping_status":"closed","template":"","meta":{"_mo_disable_npp":""},"product_brand":[],"product_cat":[148],"product_tag":[],"class_list":{"0":"post-5965","1":"product","2":"type-product","3":"status-publish","4":"has-post-thumbnail","6":"product_cat-prints","8":"first","9":"instock","10":"taxable","11":"shipping-taxable","12":"purchasable","13":"product-type-simple"},"_links":{"self":[{"href":"https:\/\/acourtofalsacesart.com\/index.php\/wp-json\/wp\/v2\/product\/5965","targetHints":{"allow":["GET"]}}],"collection":[{"href":"https:\/\/acourtofalsacesart.com\/index.php\/wp-json\/wp\/v2\/product"}],"about":[{"href":"https:\/\/acourtofalsacesart.com\/index.php\/wp-json\/wp\/v2\/types\/product"}],"replies":[{"embeddable":true,"href":"https:\/\/acourtofalsacesart.com\/index.php\/wp-json\/wp\/v2\/comments?post=5965"}],"wp:featuredmedia":[{"embeddable":true,"href":"https:\/\/acourtofalsacesart.com\/index.php\/wp-json\/wp\/v2\/media\/5966"}],"wp:attachment":[{"href":"https:\/\/acourtofalsacesart.com\/index.php\/wp-json\/wp\/v2\/media?parent=5965"}],"wp:term":[{"taxonomy":"product_brand","embeddable":true,"href":"https:\/\/acourtofalsacesart.com\/index.php\/wp-json\/wp\/v2\/product_brand?post=5965"},{"taxonomy":"product_cat","embeddable":true,"href":"https:\/\/acourtofalsacesart.com\/index.php\/wp-json\/wp\/v2\/product_cat?post=5965"},{"taxonomy":"product_tag","embeddable":true,"href":"https:\/\/acourtofalsacesart.com\/index.php\/wp-json\/wp\/v2\/product_tag?post=5965"}],"curies":[{"name":"wp","href":"https:\/\/api.w.org\/{rel}","templated":true}]}}