{"id":5570,"date":"2022-10-02T18:52:56","date_gmt":"2022-10-02T18:52:56","guid":{"rendered":"https:\/\/acourtofalsacesart.com\/?post_type=product&#038;p=5570"},"modified":"2025-10-19T16:27:03","modified_gmt":"2025-10-19T16:27:03","slug":"bookish-post-it-libros-de-pociones-y-probablemente-leyendo-smut","status":"publish","type":"product","link":"https:\/\/acourtofalsacesart.com\/index.php\/producto\/bookish-post-it-libros-de-pociones-y-probablemente-leyendo-smut\/","title":{"rendered":"Bookish post-it : Libros de pociones y probablemente leyendo Smut."},"content":{"rendered":"<p>Marcap\u00e1ginas magn\u00e9tico que contiene en su interior post its de colores. Cada color indica un estado de \u00e1nimo diferente.<\/p>\n","protected":false},"excerpt":{"rendered":"<p>Marcap\u00e1ginas magn\u00e9tico que contiene en su interior post its de colores. Cada color indica un estado de \u00e1nimo &#8230;<\/p>\n","protected":false},"featured_media":5573,"comment_status":"open","ping_status":"closed","template":"","meta":{"_mo_disable_npp":""},"product_brand":[],"product_cat":[1627,278],"product_tag":[],"class_list":{"0":"post-5570","1":"product","2":"type-product","3":"status-publish","4":"has-post-thumbnail","6":"product_cat-halloween","7":"product_cat-ma","9":"first","10":"instock","11":"taxable","12":"shipping-taxable","13":"purchasable","14":"product-type-variable"},"_links":{"self":[{"href":"https:\/\/acourtofalsacesart.com\/index.php\/wp-json\/wp\/v2\/product\/5570","targetHints":{"allow":["GET"]}}],"collection":[{"href":"https:\/\/acourtofalsacesart.com\/index.php\/wp-json\/wp\/v2\/product"}],"about":[{"href":"https:\/\/acourtofalsacesart.com\/index.php\/wp-json\/wp\/v2\/types\/product"}],"replies":[{"embeddable":true,"href":"https:\/\/acourtofalsacesart.com\/index.php\/wp-json\/wp\/v2\/comments?post=5570"}],"wp:featuredmedia":[{"embeddable":true,"href":"https:\/\/acourtofalsacesart.com\/index.php\/wp-json\/wp\/v2\/media\/5573"}],"wp:attachment":[{"href":"https:\/\/acourtofalsacesart.com\/index.php\/wp-json\/wp\/v2\/media?parent=5570"}],"wp:term":[{"taxonomy":"product_brand","embeddable":true,"href":"https:\/\/acourtofalsacesart.com\/index.php\/wp-json\/wp\/v2\/product_brand?post=5570"},{"taxonomy":"product_cat","embeddable":true,"href":"https:\/\/acourtofalsacesart.com\/index.php\/wp-json\/wp\/v2\/product_cat?post=5570"},{"taxonomy":"product_tag","embeddable":true,"href":"https:\/\/acourtofalsacesart.com\/index.php\/wp-json\/wp\/v2\/product_tag?post=5570"}],"curies":[{"name":"wp","href":"https:\/\/api.w.org\/{rel}","templated":true}]}}