{"id":5505,"date":"2022-10-02T18:20:34","date_gmt":"2022-10-02T18:20:34","guid":{"rendered":"https:\/\/acourtofalsacesart.com\/index.php\/producto\/halloween-coll-jack-sally-corpse-bride-coraline-sabrina-salem-morticia-wednesday-and-morgana-the-witch\/"},"modified":"2026-03-21T11:34:28","modified_gmt":"2026-03-21T11:34:28","slug":"halloween-coll-jack-sally-corpse-bride-coraline-sabrina-salem-morticia-wednesday-and-morgana-the-witch","status":"publish","type":"product","link":"https:\/\/acourtofalsacesart.com\/index.php\/producto\/halloween-coll-jack-sally-corpse-bride-coraline-sabrina-salem-morticia-wednesday-and-morgana-the-witch\/","title":{"rendered":"Halloween coll. Jack, Sally,  Corpse Bride, Coraline, Sabrina, Salem, Morticia, Wednesday and Morgana the witch."},"content":{"rendered":"<p>Marcap\u00e1ginas magn\u00e9ticos de la colecci\u00f3n de Halloween. Disponibles hasta el 1 de noviembre.<\/p>\n","protected":false},"excerpt":{"rendered":"<p>Marcap\u00e1ginas magn\u00e9ticos de la colecci\u00f3n de Halloween. Disponibles hasta el 1 de &#8230;<\/p>\n","protected":false},"featured_media":5519,"comment_status":"open","ping_status":"closed","template":"","meta":{"_mo_disable_npp":""},"product_brand":[],"product_cat":[28,1627],"product_tag":[126,1631,234,303,1633,301,1632,1635,300,298,302,233,1634],"class_list":{"0":"post-5505","1":"product","2":"type-product","3":"status-publish","4":"has-post-thumbnail","6":"product_cat-bookmarks","7":"product_cat-halloween","8":"product_tag-bryce-quinlan","9":"product_tag-coraline","10":"product_tag-dean-winchester","11":"product_tag-halloween","12":"product_tag-halloween-season","13":"product_tag-jack","14":"product_tag-la-novia-cadaver","15":"product_tag-morticia-addams","16":"product_tag-sabrina-spellman","17":"product_tag-salem","18":"product_tag-sally","19":"product_tag-sam-winchester","20":"product_tag-wednesday-addams","22":"first","23":"instock","24":"taxable","25":"shipping-taxable","26":"purchasable","27":"product-type-variable"},"_links":{"self":[{"href":"https:\/\/acourtofalsacesart.com\/index.php\/wp-json\/wp\/v2\/product\/5505","targetHints":{"allow":["GET"]}}],"collection":[{"href":"https:\/\/acourtofalsacesart.com\/index.php\/wp-json\/wp\/v2\/product"}],"about":[{"href":"https:\/\/acourtofalsacesart.com\/index.php\/wp-json\/wp\/v2\/types\/product"}],"replies":[{"embeddable":true,"href":"https:\/\/acourtofalsacesart.com\/index.php\/wp-json\/wp\/v2\/comments?post=5505"}],"wp:featuredmedia":[{"embeddable":true,"href":"https:\/\/acourtofalsacesart.com\/index.php\/wp-json\/wp\/v2\/media\/5519"}],"wp:attachment":[{"href":"https:\/\/acourtofalsacesart.com\/index.php\/wp-json\/wp\/v2\/media?parent=5505"}],"wp:term":[{"taxonomy":"product_brand","embeddable":true,"href":"https:\/\/acourtofalsacesart.com\/index.php\/wp-json\/wp\/v2\/product_brand?post=5505"},{"taxonomy":"product_cat","embeddable":true,"href":"https:\/\/acourtofalsacesart.com\/index.php\/wp-json\/wp\/v2\/product_cat?post=5505"},{"taxonomy":"product_tag","embeddable":true,"href":"https:\/\/acourtofalsacesart.com\/index.php\/wp-json\/wp\/v2\/product_tag?post=5505"}],"curies":[{"name":"wp","href":"https:\/\/api.w.org\/{rel}","templated":true}]}}