{"id":4885,"date":"2022-08-07T15:54:03","date_gmt":"2022-08-07T15:54:03","guid":{"rendered":"https:\/\/acourtofalsacesart.com\/?post_type=product&#038;p=4885"},"modified":"2026-03-12T03:55:06","modified_gmt":"2026-03-12T03:55:06","slug":"tiquet-para-caraval-marcapaginas-y-marcapaginas-magnetico-personalizable","status":"publish","type":"product","link":"https:\/\/acourtofalsacesart.com\/index.php\/producto\/tiquet-para-caraval-marcapaginas-y-marcapaginas-magnetico-personalizable\/","title":{"rendered":"Tiquet para caraval : marcap\u00e1ginas y marcap\u00e1ginas magnetico (personalizable)"},"content":{"rendered":"<p>Puedes personalizarlo con tu nombre o con el de alg\u00fan amigo u otra persona.<\/p>\n","protected":false},"excerpt":{"rendered":"<p>Caraval couples magnetic &#8230;<\/p>\n","protected":false},"featured_media":4840,"comment_status":"open","ping_status":"closed","template":"","meta":{"_mo_disable_npp":""},"product_brand":[],"product_cat":[28,278],"product_tag":[80,731,941,728,942,730,729,1136,345,727],"class_list":{"0":"post-4885","1":"product","2":"type-product","3":"status-publish","4":"has-post-thumbnail","6":"product_cat-bookmarks","7":"product_cat-ma","8":"product_tag-caraval","9":"product_tag-donatella","10":"product_tag-evangeline-fox","11":"product_tag-finale","12":"product_tag-jacks","13":"product_tag-legend","14":"product_tag-legendary","15":"product_tag-ouabh","16":"product_tag-scarlet","17":"product_tag-scarlet-dragna","19":"first","20":"instock","21":"taxable","22":"shipping-taxable","23":"purchasable","24":"product-type-variable"},"_links":{"self":[{"href":"https:\/\/acourtofalsacesart.com\/index.php\/wp-json\/wp\/v2\/product\/4885","targetHints":{"allow":["GET"]}}],"collection":[{"href":"https:\/\/acourtofalsacesart.com\/index.php\/wp-json\/wp\/v2\/product"}],"about":[{"href":"https:\/\/acourtofalsacesart.com\/index.php\/wp-json\/wp\/v2\/types\/product"}],"replies":[{"embeddable":true,"href":"https:\/\/acourtofalsacesart.com\/index.php\/wp-json\/wp\/v2\/comments?post=4885"}],"wp:featuredmedia":[{"embeddable":true,"href":"https:\/\/acourtofalsacesart.com\/index.php\/wp-json\/wp\/v2\/media\/4840"}],"wp:attachment":[{"href":"https:\/\/acourtofalsacesart.com\/index.php\/wp-json\/wp\/v2\/media?parent=4885"}],"wp:term":[{"taxonomy":"product_brand","embeddable":true,"href":"https:\/\/acourtofalsacesart.com\/index.php\/wp-json\/wp\/v2\/product_brand?post=4885"},{"taxonomy":"product_cat","embeddable":true,"href":"https:\/\/acourtofalsacesart.com\/index.php\/wp-json\/wp\/v2\/product_cat?post=4885"},{"taxonomy":"product_tag","embeddable":true,"href":"https:\/\/acourtofalsacesart.com\/index.php\/wp-json\/wp\/v2\/product_tag?post=4885"}],"curies":[{"name":"wp","href":"https:\/\/api.w.org\/{rel}","templated":true}]}}