{"id":22985,"date":"2026-04-01T13:51:21","date_gmt":"2026-04-01T13:51:21","guid":{"rendered":"https:\/\/acourtofalsacesart.com\/?post_type=product&#038;p=22985"},"modified":"2026-04-13T18:52:59","modified_gmt":"2026-04-13T18:52:59","slug":"pack-sant-jordi-edicion-limitada","status":"publish","type":"product","link":"https:\/\/acourtofalsacesart.com\/index.php\/producto\/pack-sant-jordi-edicion-limitada\/","title":{"rendered":"Pack Sant Jordi. &#8211; Edici\u00f3n limitada."},"content":{"rendered":"<p>Pack Sant Jordi. &#8211; Edici\u00f3n limitada.<\/p>\n<p>IMPORTANTE: Dejad en notas que dise\u00f1os quer\u00e9is, en caso de escoger el mini plushie o querer otros marcas magn\u00e9ticos.<\/p>\n<p>INCLUYE:<\/p>\n<ul>\n<li>x5 Marcas magn\u00e9ticos (Pod\u00e9is elegir los 5 de los animalitos, o 5 de toda la web.)<\/li>\n<li>x1 Bookish creatures kindle\/kobo insert. &#8211; Dejad en notas las medidas de vuestro kindle\/kobo.<\/li>\n<li>x1 Pack stickers hologr\u00e1ficas.<\/li>\n<li>x1 Marcap\u00e1ginas con post-it.<\/li>\n<\/ul>\n<p>Y ten\u00e9is la opci\u00f3n de a\u00f1adir una funda de ebook con cremallera y bolsillo, o un llavero de peluche con el animalito que escoj\u00e1is, o un standee de madera organizador, de la tem\u00e1tica \u00bbfantas\u00eda\u00bb, o todo lo anterior a un precio especial.<\/p>\n<p><strong>ES UN PACK LIMITADO Y NO HABR\u00c1 RESTOCK.<\/strong><\/p>\n<p>Se enviar\u00e1 a mediados de abril aprox.<\/p>\n","protected":false},"excerpt":{"rendered":"<p>Pack Sant Jordi. &#8211; Edici\u00f3n limitada. IMPORTANTE: Dejad en notas que dise\u00f1os quer\u00e9is, en caso de escoger el mini plushie o querer otros marcas magn\u00e9ticos. INCLUYE: x5 Marcas magn\u00e9ticos (Pod\u00e9is elegir los 5 de los animalitos, o 5 de toda la web.) x1 Bookish creatures kindle\/kobo insert. &#8211; Dejad en [&hellip;]<\/p>\n","protected":false},"featured_media":22942,"comment_status":"open","ping_status":"closed","template":"","meta":{"_mo_disable_npp":""},"product_brand":[],"product_cat":[2494],"product_tag":[],"class_list":{"0":"post-22985","1":"product","2":"type-product","3":"status-publish","4":"has-post-thumbnail","6":"product_cat-a-shop-update-abril-2026","8":"first","9":"instock","10":"taxable","11":"shipping-taxable","12":"purchasable","13":"product-type-variable"},"_links":{"self":[{"href":"https:\/\/acourtofalsacesart.com\/index.php\/wp-json\/wp\/v2\/product\/22985","targetHints":{"allow":["GET"]}}],"collection":[{"href":"https:\/\/acourtofalsacesart.com\/index.php\/wp-json\/wp\/v2\/product"}],"about":[{"href":"https:\/\/acourtofalsacesart.com\/index.php\/wp-json\/wp\/v2\/types\/product"}],"replies":[{"embeddable":true,"href":"https:\/\/acourtofalsacesart.com\/index.php\/wp-json\/wp\/v2\/comments?post=22985"}],"wp:featuredmedia":[{"embeddable":true,"href":"https:\/\/acourtofalsacesart.com\/index.php\/wp-json\/wp\/v2\/media\/22942"}],"wp:attachment":[{"href":"https:\/\/acourtofalsacesart.com\/index.php\/wp-json\/wp\/v2\/media?parent=22985"}],"wp:term":[{"taxonomy":"product_brand","embeddable":true,"href":"https:\/\/acourtofalsacesart.com\/index.php\/wp-json\/wp\/v2\/product_brand?post=22985"},{"taxonomy":"product_cat","embeddable":true,"href":"https:\/\/acourtofalsacesart.com\/index.php\/wp-json\/wp\/v2\/product_cat?post=22985"},{"taxonomy":"product_tag","embeddable":true,"href":"https:\/\/acourtofalsacesart.com\/index.php\/wp-json\/wp\/v2\/product_tag?post=22985"}],"curies":[{"name":"wp","href":"https:\/\/api.w.org\/{rel}","templated":true}]}}