{"id":22917,"date":"2026-04-01T13:03:05","date_gmt":"2026-04-01T13:03:05","guid":{"rendered":"https:\/\/acourtofalsacesart.com\/?post_type=product&#038;p=22917"},"modified":"2026-04-01T17:29:05","modified_gmt":"2026-04-01T17:29:05","slug":"preventa-maasversebasgiath-the-hollow-ans-velaris-bookish-wooden-standee","status":"publish","type":"product","link":"https:\/\/acourtofalsacesart.com\/index.php\/producto\/preventa-maasversebasgiath-the-hollow-ans-velaris-bookish-wooden-standee\/","title":{"rendered":"PREVENTA &#8211; Caraval, Elfhame,Maasverse,Basgiath, The Hollow ans Velaris bookish wooden standee."},"content":{"rendered":"<p>PREVENTA &#8211; Maasverse,Basgiath, The Hollow and Velaris bookish wooden standee.<\/p>\n<p>Esto es una preventa, por lo que se enviar\u00e1 en 3\/5 semanas aprox.<\/p>\n<p><strong>Este es un objeto en preventa, hecho bajo pedido, por lo que el tiempo de producci\u00f3n podr\u00e1 variar, ya que la producci\u00f3n de este es externa. Actualizamos la llegada de las preventas en las stories de Instagram apenas nos llegan.\u00a0<\/strong><\/p>\n<p><strong>Cualquier duda, la responder\u00e9 por mail, o DM.\u00a0<\/strong><\/p>\n<p><strong><em>No se realizan reembolsos de productos en preventa, ya que es un producto hecho bajo reserva para usted.<\/em><\/strong><\/p>\n","protected":false},"excerpt":{"rendered":"<p>PREVENTA &#8211; Maasverse,Basgiath, The Hollow and Velaris bookish wooden standee. Esto es una preventa, por lo que se enviar\u00e1 en 3\/5 semanas aprox. Este es un objeto en preventa, hecho bajo pedido, por lo que el tiempo de producci\u00f3n podr\u00e1 variar, ya que la producci\u00f3n de este es externa. Actualizamos [&hellip;]<\/p>\n","protected":false},"featured_media":17866,"comment_status":"open","ping_status":"closed","template":"","meta":{"_mo_disable_npp":""},"product_brand":[],"product_cat":[2494,1966,1772,1267],"product_tag":[],"class_list":{"0":"post-22917","1":"product","2":"type-product","3":"status-publish","4":"has-post-thumbnail","6":"product_cat-a-shop-update-abril-2026","7":"product_cat-wooden-stationery","8":"product_cat-novedades","9":"product_cat-preventas","11":"first","12":"instock","13":"taxable","14":"shipping-taxable","15":"purchasable","16":"product-type-variable"},"_links":{"self":[{"href":"https:\/\/acourtofalsacesart.com\/index.php\/wp-json\/wp\/v2\/product\/22917","targetHints":{"allow":["GET"]}}],"collection":[{"href":"https:\/\/acourtofalsacesart.com\/index.php\/wp-json\/wp\/v2\/product"}],"about":[{"href":"https:\/\/acourtofalsacesart.com\/index.php\/wp-json\/wp\/v2\/types\/product"}],"replies":[{"embeddable":true,"href":"https:\/\/acourtofalsacesart.com\/index.php\/wp-json\/wp\/v2\/comments?post=22917"}],"wp:featuredmedia":[{"embeddable":true,"href":"https:\/\/acourtofalsacesart.com\/index.php\/wp-json\/wp\/v2\/media\/17866"}],"wp:attachment":[{"href":"https:\/\/acourtofalsacesart.com\/index.php\/wp-json\/wp\/v2\/media?parent=22917"}],"wp:term":[{"taxonomy":"product_brand","embeddable":true,"href":"https:\/\/acourtofalsacesart.com\/index.php\/wp-json\/wp\/v2\/product_brand?post=22917"},{"taxonomy":"product_cat","embeddable":true,"href":"https:\/\/acourtofalsacesart.com\/index.php\/wp-json\/wp\/v2\/product_cat?post=22917"},{"taxonomy":"product_tag","embeddable":true,"href":"https:\/\/acourtofalsacesart.com\/index.php\/wp-json\/wp\/v2\/product_tag?post=22917"}],"curies":[{"name":"wp","href":"https:\/\/api.w.org\/{rel}","templated":true}]}}