{"id":22909,"date":"2026-04-01T13:01:23","date_gmt":"2026-04-01T13:01:23","guid":{"rendered":"https:\/\/acourtofalsacesart.com\/?post_type=product&#038;p=22909"},"modified":"2026-04-01T13:02:53","modified_gmt":"2026-04-01T13:02:53","slug":"preorder-feeling-stabby-marcapaginas-de-madera-en-forma-de-daga","status":"publish","type":"product","link":"https:\/\/acourtofalsacesart.com\/index.php\/producto\/preorder-feeling-stabby-marcapaginas-de-madera-en-forma-de-daga\/","title":{"rendered":"PREORDER Feeling stabby &#8211; Marcap\u00e1ginas de madera en forma de daga."},"content":{"rendered":"<p>Marcap\u00e1ginas de madera, impreso en una cara, 12 cm de alto.<\/p>\n<p>PREVENTA &#8211; Maasverse,Basgiath, The Hollow and Velaris bookish wooden standee.<\/p>\n<p>Esto es una preventa, por lo que se enviar\u00e1 en 3\/5 semanas aprox.<\/p>\n<p><strong>Este es un objeto en preventa, hecho bajo pedido, por lo que el tiempo de producci\u00f3n podr\u00e1 variar, ya que la producci\u00f3n de este es externa. Actualizamos la llegada de las preventas en las stories de Instagram apenas nos llegan.\u00a0<\/strong><\/p>\n<p><strong>Cualquier duda, la responder\u00e9 por mail, o DM.\u00a0<\/strong><\/p>\n","protected":false},"excerpt":{"rendered":"<p>Marcap\u00e1ginas de madera, impreso en una cara, 12 cm de alto. PREVENTA &#8211; Maasverse,Basgiath, The Hollow and Velaris bookish wooden standee. Esto es una preventa, por lo que se enviar\u00e1 en 3\/5 semanas aprox. Este es un objeto en preventa, hecho bajo pedido, por lo que el tiempo de producci\u00f3n [&hellip;]<\/p>\n","protected":false},"featured_media":16670,"comment_status":"open","ping_status":"closed","template":"","meta":{"_mo_disable_npp":""},"product_brand":[],"product_cat":[2494,28,1966],"product_tag":[],"class_list":{"0":"post-22909","1":"product","2":"type-product","3":"status-publish","4":"has-post-thumbnail","6":"product_cat-a-shop-update-abril-2026","7":"product_cat-bookmarks","8":"product_cat-wooden-stationery","10":"first","11":"instock","12":"taxable","13":"shipping-taxable","14":"purchasable","15":"product-type-variable"},"_links":{"self":[{"href":"https:\/\/acourtofalsacesart.com\/index.php\/wp-json\/wp\/v2\/product\/22909","targetHints":{"allow":["GET"]}}],"collection":[{"href":"https:\/\/acourtofalsacesart.com\/index.php\/wp-json\/wp\/v2\/product"}],"about":[{"href":"https:\/\/acourtofalsacesart.com\/index.php\/wp-json\/wp\/v2\/types\/product"}],"replies":[{"embeddable":true,"href":"https:\/\/acourtofalsacesart.com\/index.php\/wp-json\/wp\/v2\/comments?post=22909"}],"wp:featuredmedia":[{"embeddable":true,"href":"https:\/\/acourtofalsacesart.com\/index.php\/wp-json\/wp\/v2\/media\/16670"}],"wp:attachment":[{"href":"https:\/\/acourtofalsacesart.com\/index.php\/wp-json\/wp\/v2\/media?parent=22909"}],"wp:term":[{"taxonomy":"product_brand","embeddable":true,"href":"https:\/\/acourtofalsacesart.com\/index.php\/wp-json\/wp\/v2\/product_brand?post=22909"},{"taxonomy":"product_cat","embeddable":true,"href":"https:\/\/acourtofalsacesart.com\/index.php\/wp-json\/wp\/v2\/product_cat?post=22909"},{"taxonomy":"product_tag","embeddable":true,"href":"https:\/\/acourtofalsacesart.com\/index.php\/wp-json\/wp\/v2\/product_tag?post=22909"}],"curies":[{"name":"wp","href":"https:\/\/api.w.org\/{rel}","templated":true}]}}