{"id":22847,"date":"2026-02-21T18:47:17","date_gmt":"2026-02-21T18:47:17","guid":{"rendered":"https:\/\/acourtofalsacesart.com\/?post_type=product&#038;p=22847"},"modified":"2026-03-04T17:00:25","modified_gmt":"2026-03-04T17:00:25","slug":"preorder-lippie-charm","status":"publish","type":"product","link":"https:\/\/acourtofalsacesart.com\/index.php\/producto\/preorder-lippie-charm\/","title":{"rendered":"PREORDER: Lippie charm."},"content":{"rendered":"<p>PREORDER: Lippie charm.<\/p>\n<p>Producto hecho bajo pedido y que pod\u00e9is personalizar con los patrones de las fotos: San Valent\u00edn (El de la muestra), Alas de sangre, Butcher y Blackbird y Romantasy.<\/p>\n<p><strong>TIEMPO DE PRODUCCI\u00d3N<\/strong>: 2\/5 SEMANAS. Una vez la proveedora me las mande, avisar\u00eda por las stories de Insta y las enviar\u00eda una vez me lleguen.<\/p>\n<p>A ese tiempo, hay que a\u00f1adirle el tiempo de empaquetado y env\u00edo que dependiendo del volumen de trabajo, puede ser de<\/p>\n<p>10 a 18 d\u00edas laborales o menos.<\/p>\n<p><em>No se realizan reembolsos de productos en preventa, ya que es un producto hecho bajo reserva para usted.<\/em><\/p>\n","protected":false},"excerpt":{"rendered":"<p>PREORDER: Lippie charm. Producto hecho bajo pedido y que pod\u00e9is personalizar con los patrones de las fotos: San Valent\u00edn (El de la muestra), Alas de sangre, Butcher y Blackbird y Romantasy. TIEMPO DE PRODUCCI\u00d3N: 2\/5 SEMANAS. Una vez la proveedora me las mande, avisar\u00eda por las stories de Insta y [&hellip;]<\/p>\n","protected":false},"featured_media":22760,"comment_status":"open","ping_status":"closed","template":"","meta":{"_mo_disable_npp":""},"product_brand":[],"product_cat":[2479,1294,2190,1267],"product_tag":[],"class_list":{"0":"post-22847","1":"product","2":"type-product","3":"status-publish","4":"has-post-thumbnail","6":"product_cat-a-shop-update-febrero-2026","7":"product_cat-booksleeve","8":"product_cat-coleccion-libros-de-fantasia","9":"product_cat-preventas","11":"first","12":"instock","13":"taxable","14":"shipping-taxable","15":"purchasable","16":"product-type-variable"},"_links":{"self":[{"href":"https:\/\/acourtofalsacesart.com\/index.php\/wp-json\/wp\/v2\/product\/22847","targetHints":{"allow":["GET"]}}],"collection":[{"href":"https:\/\/acourtofalsacesart.com\/index.php\/wp-json\/wp\/v2\/product"}],"about":[{"href":"https:\/\/acourtofalsacesart.com\/index.php\/wp-json\/wp\/v2\/types\/product"}],"replies":[{"embeddable":true,"href":"https:\/\/acourtofalsacesart.com\/index.php\/wp-json\/wp\/v2\/comments?post=22847"}],"wp:featuredmedia":[{"embeddable":true,"href":"https:\/\/acourtofalsacesart.com\/index.php\/wp-json\/wp\/v2\/media\/22760"}],"wp:attachment":[{"href":"https:\/\/acourtofalsacesart.com\/index.php\/wp-json\/wp\/v2\/media?parent=22847"}],"wp:term":[{"taxonomy":"product_brand","embeddable":true,"href":"https:\/\/acourtofalsacesart.com\/index.php\/wp-json\/wp\/v2\/product_brand?post=22847"},{"taxonomy":"product_cat","embeddable":true,"href":"https:\/\/acourtofalsacesart.com\/index.php\/wp-json\/wp\/v2\/product_cat?post=22847"},{"taxonomy":"product_tag","embeddable":true,"href":"https:\/\/acourtofalsacesart.com\/index.php\/wp-json\/wp\/v2\/product_tag?post=22847"}],"curies":[{"name":"wp","href":"https:\/\/api.w.org\/{rel}","templated":true}]}}