{"id":22822,"date":"2026-02-21T18:24:28","date_gmt":"2026-02-21T18:24:28","guid":{"rendered":"https:\/\/acourtofalsacesart.com\/?post_type=product&#038;p=22822"},"modified":"2026-04-04T14:50:01","modified_gmt":"2026-04-04T14:50:01","slug":"un-trazo-de-oscuridad-marcapaginas-magnetico-y-holografico","status":"publish","type":"product","link":"https:\/\/acourtofalsacesart.com\/index.php\/producto\/un-trazo-de-oscuridad-marcapaginas-magnetico-y-holografico\/","title":{"rendered":"\u00bbUn trazo de Oscuridad\u00bb.- Marcap\u00e1ginas magn\u00e9tico y hologr\u00e1fico."},"content":{"rendered":"<p>\u00bbUn trazo de Oscuridad\u00bb.- Marcap\u00e1ginas magn\u00e9tico y hologr\u00e1fico.<\/p>\n","protected":false},"excerpt":{"rendered":"<p>\u00bbUn trazo de Oscuridad\u00bb.- Marcap\u00e1ginas magn\u00e9tico y hologr\u00e1fico.<\/p>\n","protected":false},"featured_media":22765,"comment_status":"open","ping_status":"closed","template":"","meta":{"_mo_disable_npp":""},"product_brand":[],"product_cat":[2479,28,2190,278,2336],"product_tag":[],"class_list":{"0":"post-22822","1":"product","2":"type-product","3":"status-publish","4":"has-post-thumbnail","6":"product_cat-a-shop-update-febrero-2026","7":"product_cat-bookmarks","8":"product_cat-coleccion-libros-de-fantasia","9":"product_cat-ma","10":"product_cat-shop-update-junio-2025","12":"first","13":"instock","14":"taxable","15":"shipping-taxable","16":"purchasable","17":"product-type-variable"},"_links":{"self":[{"href":"https:\/\/acourtofalsacesart.com\/index.php\/wp-json\/wp\/v2\/product\/22822","targetHints":{"allow":["GET"]}}],"collection":[{"href":"https:\/\/acourtofalsacesart.com\/index.php\/wp-json\/wp\/v2\/product"}],"about":[{"href":"https:\/\/acourtofalsacesart.com\/index.php\/wp-json\/wp\/v2\/types\/product"}],"replies":[{"embeddable":true,"href":"https:\/\/acourtofalsacesart.com\/index.php\/wp-json\/wp\/v2\/comments?post=22822"}],"wp:featuredmedia":[{"embeddable":true,"href":"https:\/\/acourtofalsacesart.com\/index.php\/wp-json\/wp\/v2\/media\/22765"}],"wp:attachment":[{"href":"https:\/\/acourtofalsacesart.com\/index.php\/wp-json\/wp\/v2\/media?parent=22822"}],"wp:term":[{"taxonomy":"product_brand","embeddable":true,"href":"https:\/\/acourtofalsacesart.com\/index.php\/wp-json\/wp\/v2\/product_brand?post=22822"},{"taxonomy":"product_cat","embeddable":true,"href":"https:\/\/acourtofalsacesart.com\/index.php\/wp-json\/wp\/v2\/product_cat?post=22822"},{"taxonomy":"product_tag","embeddable":true,"href":"https:\/\/acourtofalsacesart.com\/index.php\/wp-json\/wp\/v2\/product_tag?post=22822"}],"curies":[{"name":"wp","href":"https:\/\/api.w.org\/{rel}","templated":true}]}}