{"id":22805,"date":"2026-02-21T18:10:01","date_gmt":"2026-02-21T18:10:01","guid":{"rendered":"https:\/\/acourtofalsacesart.com\/?post_type=product&#038;p=22805"},"modified":"2026-02-21T18:54:24","modified_gmt":"2026-02-21T18:54:24","slug":"preorder-poppy-as-athena-wooden-deluxe-standee","status":"publish","type":"product","link":"https:\/\/acourtofalsacesart.com\/index.php\/producto\/preorder-poppy-as-athena-wooden-deluxe-standee\/","title":{"rendered":"PREORDER : Poppy as Athena &#8211; Wooden deluxe standee."},"content":{"rendered":"<p>Medidas: Aprox 20cm.<\/p>\n<p><strong>TIEMPO DE PRODUCCI\u00d3N<\/strong>: 2\/5 SEMANAS. Una vez la proveedora me las mande, avisar\u00eda por las stories de Insta y las enviar\u00eda una vez me lleguen.<\/p>\n<p>A ese tiempo, hay que a\u00f1adirle el tiempo de empaquetado y env\u00edo que dependiendo del volumen de trabajo, puede ser de<\/p>\n<p>10 a 18 d\u00edas laborales o menos.<\/p>\n<p><em>No se realizan reembolsos de productos en preventa, ya que es un producto hecho bajo reserva para usted.<\/em><\/p>\n","protected":false},"excerpt":{"rendered":"<p>Medidas: Aprox 20cm. TIEMPO DE PRODUCCI\u00d3N: 2\/5 SEMANAS. Una vez la proveedora me las mande, avisar\u00eda por las stories de Insta y las enviar\u00eda una vez me lleguen. A ese tiempo, hay que a\u00f1adirle el tiempo de empaquetado y env\u00edo que dependiendo del volumen de trabajo, puede ser de 10 [&hellip;]<\/p>\n","protected":false},"featured_media":22764,"comment_status":"open","ping_status":"closed","template":"","meta":{"_mo_disable_npp":""},"product_brand":[],"product_cat":[2479,2183,1966,1772,2378],"product_tag":[],"class_list":{"0":"post-22805","1":"product","2":"type-product","3":"status-publish","4":"has-post-thumbnail","6":"product_cat-a-shop-update-febrero-2026","7":"product_cat-coleccion-fbaa-asite","8":"product_cat-wooden-stationery","9":"product_cat-novedades","10":"product_cat-shop-update-agosto-2025","12":"first","13":"instock","14":"taxable","15":"shipping-taxable","16":"purchasable","17":"product-type-simple"},"_links":{"self":[{"href":"https:\/\/acourtofalsacesart.com\/index.php\/wp-json\/wp\/v2\/product\/22805","targetHints":{"allow":["GET"]}}],"collection":[{"href":"https:\/\/acourtofalsacesart.com\/index.php\/wp-json\/wp\/v2\/product"}],"about":[{"href":"https:\/\/acourtofalsacesart.com\/index.php\/wp-json\/wp\/v2\/types\/product"}],"replies":[{"embeddable":true,"href":"https:\/\/acourtofalsacesart.com\/index.php\/wp-json\/wp\/v2\/comments?post=22805"}],"wp:featuredmedia":[{"embeddable":true,"href":"https:\/\/acourtofalsacesart.com\/index.php\/wp-json\/wp\/v2\/media\/22764"}],"wp:attachment":[{"href":"https:\/\/acourtofalsacesart.com\/index.php\/wp-json\/wp\/v2\/media?parent=22805"}],"wp:term":[{"taxonomy":"product_brand","embeddable":true,"href":"https:\/\/acourtofalsacesart.com\/index.php\/wp-json\/wp\/v2\/product_brand?post=22805"},{"taxonomy":"product_cat","embeddable":true,"href":"https:\/\/acourtofalsacesart.com\/index.php\/wp-json\/wp\/v2\/product_cat?post=22805"},{"taxonomy":"product_tag","embeddable":true,"href":"https:\/\/acourtofalsacesart.com\/index.php\/wp-json\/wp\/v2\/product_tag?post=22805"}],"curies":[{"name":"wp","href":"https:\/\/api.w.org\/{rel}","templated":true}]}}