{"id":22643,"date":"2026-02-21T16:46:30","date_gmt":"2026-02-21T16:46:30","guid":{"rendered":"https:\/\/acourtofalsacesart.com\/?post_type=product&#038;p=22643"},"modified":"2026-04-09T15:08:24","modified_gmt":"2026-04-09T15:08:24","slug":"dtf-insert-alas-de-sangre","status":"publish","type":"product","link":"https:\/\/acourtofalsacesart.com\/index.php\/producto\/dtf-insert-alas-de-sangre\/","title":{"rendered":"DTF Insert &#8211; Alas de sangre."},"content":{"rendered":"<p>Kindle\/ Kobo insert DTF personalizado.<\/p>\n<p>Es una l\u00e1mina adhesiva creada con DTF UV que deb\u00e9is pegar en la funda del lector digital, la funda del lector digital NO va incluida, si quer\u00e9is que sea tipo insert con fondo transparente para ponerlo dentro de la funda, dejadmelo anotado en notas.<\/p>\n<p><strong>IMPORTANTE: DEJAD EN LAS NOTAS QU\u00c9 DISE\u00d1O QUER\u00c9IS Y LAS MEDIDAS DE TU KINDLE\/KONO<\/strong><\/p>\n<p><strong><em>Tomad bien las medidas ya que si yo no tengo las medidas, no puedo confirmar su tama\u00f1o y<\/em><\/strong><\/p>\n<p><strong><em> en caso de equivocaci\u00f3n del env\u00edo de las medidas, por parte del cliente, <\/em><\/strong><\/p>\n<p><strong><em>no se reembolsar\u00eda ni rehar\u00eda sin costos extras.<\/em><\/strong><\/p>\n<p><strong>Cualquier duda, la responder\u00e9 por mail, o DM.\u00a0<\/strong><\/p>\n<p>&nbsp;<\/p>\n","protected":false},"excerpt":{"rendered":"<p>Kindle\/ Kobo insert DTF personalizado. Es una l\u00e1mina adhesiva creada con DTF UV que deb\u00e9is pegar en la funda del lector digital, la funda del lector digital NO va incluida, si quer\u00e9is que sea tipo insert con fondo transparente para ponerlo dentro de la funda, dejadmelo anotado en notas. IMPORTANTE: [&hellip;]<\/p>\n","protected":false},"featured_media":22803,"comment_status":"open","ping_status":"closed","template":"","meta":{"_mo_disable_npp":""},"product_brand":[],"product_cat":[2479,2182,1772,2205,1267,2297],"product_tag":[],"class_list":{"0":"post-22643","1":"product","2":"type-product","3":"status-publish","4":"has-post-thumbnail","6":"product_cat-a-shop-update-febrero-2026","7":"product_cat-coleccion-personalizable","8":"product_cat-novedades","9":"product_cat-overlays","10":"product_cat-preventas","11":"product_cat-shop-update-mayo-2025","13":"first","14":"instock","15":"taxable","16":"shipping-taxable","17":"purchasable","18":"product-type-simple"},"_links":{"self":[{"href":"https:\/\/acourtofalsacesart.com\/index.php\/wp-json\/wp\/v2\/product\/22643","targetHints":{"allow":["GET"]}}],"collection":[{"href":"https:\/\/acourtofalsacesart.com\/index.php\/wp-json\/wp\/v2\/product"}],"about":[{"href":"https:\/\/acourtofalsacesart.com\/index.php\/wp-json\/wp\/v2\/types\/product"}],"replies":[{"embeddable":true,"href":"https:\/\/acourtofalsacesart.com\/index.php\/wp-json\/wp\/v2\/comments?post=22643"}],"wp:featuredmedia":[{"embeddable":true,"href":"https:\/\/acourtofalsacesart.com\/index.php\/wp-json\/wp\/v2\/media\/22803"}],"wp:attachment":[{"href":"https:\/\/acourtofalsacesart.com\/index.php\/wp-json\/wp\/v2\/media?parent=22643"}],"wp:term":[{"taxonomy":"product_brand","embeddable":true,"href":"https:\/\/acourtofalsacesart.com\/index.php\/wp-json\/wp\/v2\/product_brand?post=22643"},{"taxonomy":"product_cat","embeddable":true,"href":"https:\/\/acourtofalsacesart.com\/index.php\/wp-json\/wp\/v2\/product_cat?post=22643"},{"taxonomy":"product_tag","embeddable":true,"href":"https:\/\/acourtofalsacesart.com\/index.php\/wp-json\/wp\/v2\/product_tag?post=22643"}],"curies":[{"name":"wp","href":"https:\/\/api.w.org\/{rel}","templated":true}]}}