{"id":22549,"date":"2026-01-19T17:03:28","date_gmt":"2026-01-19T17:03:28","guid":{"rendered":"https:\/\/acourtofalsacesart.com\/?post_type=product&#038;p=22549"},"modified":"2026-02-01T13:12:59","modified_gmt":"2026-02-01T13:12:59","slug":"preorder-porta-compresas-con-estampado-romantasy","status":"publish","type":"product","link":"https:\/\/acourtofalsacesart.com\/index.php\/producto\/preorder-porta-compresas-con-estampado-romantasy\/","title":{"rendered":"PREORDER: Porta compresas con estampado romantasy."},"content":{"rendered":"<p>Porta compresas con estampado romantasy.<\/p>\n<p>Producto hecho bajo pedido.<\/p>\n<p><strong>TIEMPO DE PRODUCCI\u00d3N<\/strong>: 2\/5 SEMANAS. Una vez la proveedora me las mande, avisar\u00eda por las stories de Insta y las enviar\u00eda una vez me lleguen.<\/p>\n<p>A ese tiempo, hay que a\u00f1adirle el tiempo de empaquetado y env\u00edo que dependiendo del volumen de trabajo, puede ser de<\/p>\n<p>10 a 18 d\u00edas laborales o menos.<\/p>\n<p><em>No se realizan reembolsos de productos en preventa, ya que es un producto hecho bajo reserva para usted.<\/em><\/p>\n","protected":false},"excerpt":{"rendered":"<p>Porta compresas con estampado romantasy. Producto hecho bajo pedido. TIEMPO DE PRODUCCI\u00d3N: 2\/5 SEMANAS. Una vez la proveedora me las mande, avisar\u00eda por las stories de Insta y las enviar\u00eda una vez me lleguen. A ese tiempo, hay que a\u00f1adirle el tiempo de empaquetado y env\u00edo que dependiendo del volumen [&hellip;]<\/p>\n","protected":false},"featured_media":22400,"comment_status":"open","ping_status":"closed","template":"","meta":{"_mo_disable_npp":""},"product_brand":[],"product_cat":[1294,2190,1267],"product_tag":[],"class_list":{"0":"post-22549","1":"product","2":"type-product","3":"status-publish","4":"has-post-thumbnail","6":"product_cat-booksleeve","7":"product_cat-coleccion-libros-de-fantasia","8":"product_cat-preventas","10":"first","11":"instock","12":"taxable","13":"shipping-taxable","14":"purchasable","15":"product-type-simple"},"_links":{"self":[{"href":"https:\/\/acourtofalsacesart.com\/index.php\/wp-json\/wp\/v2\/product\/22549","targetHints":{"allow":["GET"]}}],"collection":[{"href":"https:\/\/acourtofalsacesart.com\/index.php\/wp-json\/wp\/v2\/product"}],"about":[{"href":"https:\/\/acourtofalsacesart.com\/index.php\/wp-json\/wp\/v2\/types\/product"}],"replies":[{"embeddable":true,"href":"https:\/\/acourtofalsacesart.com\/index.php\/wp-json\/wp\/v2\/comments?post=22549"}],"wp:featuredmedia":[{"embeddable":true,"href":"https:\/\/acourtofalsacesart.com\/index.php\/wp-json\/wp\/v2\/media\/22400"}],"wp:attachment":[{"href":"https:\/\/acourtofalsacesart.com\/index.php\/wp-json\/wp\/v2\/media?parent=22549"}],"wp:term":[{"taxonomy":"product_brand","embeddable":true,"href":"https:\/\/acourtofalsacesart.com\/index.php\/wp-json\/wp\/v2\/product_brand?post=22549"},{"taxonomy":"product_cat","embeddable":true,"href":"https:\/\/acourtofalsacesart.com\/index.php\/wp-json\/wp\/v2\/product_cat?post=22549"},{"taxonomy":"product_tag","embeddable":true,"href":"https:\/\/acourtofalsacesart.com\/index.php\/wp-json\/wp\/v2\/product_tag?post=22549"}],"curies":[{"name":"wp","href":"https:\/\/api.w.org\/{rel}","templated":true}]}}