{"id":22545,"date":"2026-01-19T17:23:16","date_gmt":"2026-01-19T17:23:16","guid":{"rendered":"https:\/\/acourtofalsacesart.com\/?post_type=product&#038;p=22545"},"modified":"2026-02-14T23:00:15","modified_gmt":"2026-02-14T23:00:15","slug":"surprise-mistery-gift-box","status":"publish","type":"product","link":"https:\/\/acourtofalsacesart.com\/index.php\/producto\/surprise-mistery-gift-box\/","title":{"rendered":"Surprise mistery gift box."},"content":{"rendered":"<p>Cajas regalo sorpresa.<\/p>\n<p>\u00bfQu\u00e9 contienen?<\/p>\n<p>Seg\u00fan el presupuesto que escojas, las cajas contendr\u00e1n desde objetos de papeler\u00eda: l\u00e1minas, marcap\u00e1ginas magn\u00e9ticos, marcas tradicionales, overlays, cubiertas, a productos de madera o acr\u00edlicos como llaveros o standees e incluso alguna totebag.<\/p>\n<p>Los objetos ser\u00e1n seleccionados del apartado de objetos en stock, para que pueda salir cuanto antes.<\/p>\n<p>Debe especificarse en notas de qu\u00e9 libros la quer\u00e9is, por ej, de Powerless y Alas de sangre, y en caso de tener alg\u00fan producto ya de la web, dejadlo especificado para no tener duplicado.<\/p>\n<p>Y en caso de ser para regalo y querer dejar una nota, tambi\u00e9n se puede hacer.<\/p>\n<p>Para cualquier duda, estoy por dm en Insta o por el mail.<\/p>\n<p>Gracias.<\/p>\n","protected":false},"excerpt":{"rendered":"<p>Cajas regalo sorpresa. \u00bfQu\u00e9 contienen? Seg\u00fan el presupuesto que escojas, las cajas contendr\u00e1n desde objetos de papeler\u00eda: l\u00e1minas, marcap\u00e1ginas magn\u00e9ticos, marcas tradicionales, overlays, cubiertas, a productos de madera o acr\u00edlicos como llaveros o standees e incluso alguna totebag. Los objetos ser\u00e1n seleccionados del apartado de objetos en stock, para que [&hellip;]<\/p>\n","protected":false},"featured_media":22472,"comment_status":"open","ping_status":"closed","template":"","meta":{"_mo_disable_npp":""},"product_brand":[],"product_cat":[2190,2229],"product_tag":[],"class_list":{"0":"post-22545","1":"product","2":"type-product","3":"status-publish","4":"has-post-thumbnail","6":"product_cat-coleccion-libros-de-fantasia","7":"product_cat-coleccion-libros-de-romance","9":"first","10":"instock","11":"taxable","12":"shipping-taxable","13":"purchasable","14":"product-type-variable"},"_links":{"self":[{"href":"https:\/\/acourtofalsacesart.com\/index.php\/wp-json\/wp\/v2\/product\/22545","targetHints":{"allow":["GET"]}}],"collection":[{"href":"https:\/\/acourtofalsacesart.com\/index.php\/wp-json\/wp\/v2\/product"}],"about":[{"href":"https:\/\/acourtofalsacesart.com\/index.php\/wp-json\/wp\/v2\/types\/product"}],"replies":[{"embeddable":true,"href":"https:\/\/acourtofalsacesart.com\/index.php\/wp-json\/wp\/v2\/comments?post=22545"}],"wp:featuredmedia":[{"embeddable":true,"href":"https:\/\/acourtofalsacesart.com\/index.php\/wp-json\/wp\/v2\/media\/22472"}],"wp:attachment":[{"href":"https:\/\/acourtofalsacesart.com\/index.php\/wp-json\/wp\/v2\/media?parent=22545"}],"wp:term":[{"taxonomy":"product_brand","embeddable":true,"href":"https:\/\/acourtofalsacesart.com\/index.php\/wp-json\/wp\/v2\/product_brand?post=22545"},{"taxonomy":"product_cat","embeddable":true,"href":"https:\/\/acourtofalsacesart.com\/index.php\/wp-json\/wp\/v2\/product_cat?post=22545"},{"taxonomy":"product_tag","embeddable":true,"href":"https:\/\/acourtofalsacesart.com\/index.php\/wp-json\/wp\/v2\/product_tag?post=22545"}],"curies":[{"name":"wp","href":"https:\/\/api.w.org\/{rel}","templated":true}]}}