{"id":22542,"date":"2026-01-19T16:48:53","date_gmt":"2026-01-19T16:48:53","guid":{"rendered":"https:\/\/acourtofalsacesart.com\/?post_type=product&#038;p=22542"},"modified":"2026-01-19T18:26:10","modified_gmt":"2026-01-19T18:26:10","slug":"cuaderno-to-do-list-personalizable","status":"publish","type":"product","link":"https:\/\/acourtofalsacesart.com\/index.php\/producto\/cuaderno-to-do-list-personalizable\/","title":{"rendered":"Cuaderno To-Do list, personalizable."},"content":{"rendered":"<p>Cuaderno To-Do list, personalizable.<\/p>\n<p>Contiene m\u00e1s de 50 p\u00e1ginas para anotar las tareas y la opci\u00f3n de a\u00f1adir p\u00e1ginas diferentes como para las notas, para las listas de la compra, contactos, planificador semanal.<\/p>\n<p>Para cualquier duda, no dudes en mandarme un DM.<\/p>\n<p>Este es un producto hecho a mano bajo pedido, por lo que el tiempo de producc\u00ed\u00f3n es de aprox 3\/4 semanas o menos.<\/p>\n<p>&nbsp;<\/p>\n","protected":false},"excerpt":{"rendered":"<p>Cuaderno To-Do list, personalizable. Contiene m\u00e1s de 50 p\u00e1ginas para anotar las tareas y la opci\u00f3n de a\u00f1adir p\u00e1ginas diferentes como para las notas, para las listas de la compra, contactos, planificador semanal. Para cualquier duda, no dudes en mandarme un DM. Este es un producto hecho a mano bajo [&hellip;]<\/p>\n","protected":false},"featured_media":22505,"comment_status":"open","ping_status":"closed","template":"","meta":{"_mo_disable_npp":""},"product_brand":[],"product_cat":[2190,2229,1772,1267,250],"product_tag":[],"class_list":{"0":"post-22542","1":"product","2":"type-product","3":"status-publish","4":"has-post-thumbnail","6":"product_cat-coleccion-libros-de-fantasia","7":"product_cat-coleccion-libros-de-romance","8":"product_cat-novedades","9":"product_cat-preventas","10":"product_cat-stationery","12":"first","13":"instock","14":"taxable","15":"shipping-taxable","16":"purchasable","17":"product-type-simple"},"_links":{"self":[{"href":"https:\/\/acourtofalsacesart.com\/index.php\/wp-json\/wp\/v2\/product\/22542","targetHints":{"allow":["GET"]}}],"collection":[{"href":"https:\/\/acourtofalsacesart.com\/index.php\/wp-json\/wp\/v2\/product"}],"about":[{"href":"https:\/\/acourtofalsacesart.com\/index.php\/wp-json\/wp\/v2\/types\/product"}],"replies":[{"embeddable":true,"href":"https:\/\/acourtofalsacesart.com\/index.php\/wp-json\/wp\/v2\/comments?post=22542"}],"wp:featuredmedia":[{"embeddable":true,"href":"https:\/\/acourtofalsacesart.com\/index.php\/wp-json\/wp\/v2\/media\/22505"}],"wp:attachment":[{"href":"https:\/\/acourtofalsacesart.com\/index.php\/wp-json\/wp\/v2\/media?parent=22542"}],"wp:term":[{"taxonomy":"product_brand","embeddable":true,"href":"https:\/\/acourtofalsacesart.com\/index.php\/wp-json\/wp\/v2\/product_brand?post=22542"},{"taxonomy":"product_cat","embeddable":true,"href":"https:\/\/acourtofalsacesart.com\/index.php\/wp-json\/wp\/v2\/product_cat?post=22542"},{"taxonomy":"product_tag","embeddable":true,"href":"https:\/\/acourtofalsacesart.com\/index.php\/wp-json\/wp\/v2\/product_tag?post=22542"}],"curies":[{"name":"wp","href":"https:\/\/api.w.org\/{rel}","templated":true}]}}