{"id":22537,"date":"2026-01-19T16:37:46","date_gmt":"2026-01-19T16:37:46","guid":{"rendered":"https:\/\/acourtofalsacesart.com\/?post_type=product&#038;p=22537"},"modified":"2026-03-28T02:34:55","modified_gmt":"2026-03-28T02:34:55","slug":"cubierta-erase-una-vez-un-corazon-roto","status":"publish","type":"product","link":"https:\/\/acourtofalsacesart.com\/index.php\/producto\/cubierta-erase-una-vez-un-corazon-roto\/","title":{"rendered":"Cubierta \u00bb\u00c9rase una vez un coraz\u00f3n roto\u00bb"},"content":{"rendered":"<p>Cubierta \u00bb\u00c9rase una vez un coraz\u00f3n roto\u00bb , acabado soft touch.<\/p>\n<p>Esta cubierta es para la edici\u00f3n de tapa blanda de Puck, la antigua, no la nueva.<\/p>\n<p>Para la tapa dura y la tapa blanda nuevas abrir\u00e9 preventa m\u00e1s adelante.<\/p>\n<p>&nbsp;<\/p>\n","protected":false},"excerpt":{"rendered":"<p>Cubierta \u00bb\u00c9rase una vez un coraz\u00f3n roto\u00bb , acabado soft touch. Esta cubierta es para la edici\u00f3n de tapa blanda de Puck, la antigua, no la nueva. Para la tapa dura y la tapa blanda nuevas abrir\u00e9 preventa m\u00e1s adelante. &nbsp;<\/p>\n","protected":false},"featured_media":22496,"comment_status":"open","ping_status":"closed","template":"","meta":{"_mo_disable_npp":""},"product_brand":[],"product_cat":[2173,1553,1772],"product_tag":[],"class_list":{"0":"post-22537","1":"product","2":"type-product","3":"status-publish","4":"has-post-thumbnail","6":"product_cat-coleccion-once-upon-a-broken-heart","7":"product_cat-cubierta","8":"product_cat-novedades","10":"first","11":"instock","12":"taxable","13":"shipping-taxable","14":"purchasable","15":"product-type-simple"},"_links":{"self":[{"href":"https:\/\/acourtofalsacesart.com\/index.php\/wp-json\/wp\/v2\/product\/22537","targetHints":{"allow":["GET"]}}],"collection":[{"href":"https:\/\/acourtofalsacesart.com\/index.php\/wp-json\/wp\/v2\/product"}],"about":[{"href":"https:\/\/acourtofalsacesart.com\/index.php\/wp-json\/wp\/v2\/types\/product"}],"replies":[{"embeddable":true,"href":"https:\/\/acourtofalsacesart.com\/index.php\/wp-json\/wp\/v2\/comments?post=22537"}],"wp:featuredmedia":[{"embeddable":true,"href":"https:\/\/acourtofalsacesart.com\/index.php\/wp-json\/wp\/v2\/media\/22496"}],"wp:attachment":[{"href":"https:\/\/acourtofalsacesart.com\/index.php\/wp-json\/wp\/v2\/media?parent=22537"}],"wp:term":[{"taxonomy":"product_brand","embeddable":true,"href":"https:\/\/acourtofalsacesart.com\/index.php\/wp-json\/wp\/v2\/product_brand?post=22537"},{"taxonomy":"product_cat","embeddable":true,"href":"https:\/\/acourtofalsacesart.com\/index.php\/wp-json\/wp\/v2\/product_cat?post=22537"},{"taxonomy":"product_tag","embeddable":true,"href":"https:\/\/acourtofalsacesart.com\/index.php\/wp-json\/wp\/v2\/product_tag?post=22537"}],"curies":[{"name":"wp","href":"https:\/\/api.w.org\/{rel}","templated":true}]}}