{"id":22480,"date":"2026-01-19T16:26:36","date_gmt":"2026-01-19T16:26:36","guid":{"rendered":"https:\/\/acourtofalsacesart.com\/?post_type=product&#038;p=22480"},"modified":"2026-04-10T07:23:05","modified_gmt":"2026-04-10T07:23:05","slug":"la-lectora-marcapaginas-magnetico-holografico-con-post-its","status":"publish","type":"product","link":"https:\/\/acourtofalsacesart.com\/index.php\/producto\/la-lectora-marcapaginas-magnetico-holografico-con-post-its\/","title":{"rendered":"\u00bbLa lectora\u00bb, marcap\u00e1ginas magn\u00e9tico hologr\u00e1fico con post-its."},"content":{"rendered":"<p>\u00bbLa lectora\u00bb, marcap\u00e1ginas magn\u00e9tico hologr\u00e1fico con post-its.<\/p>\n","protected":false},"excerpt":{"rendered":"<p>\u00bbLa lectora\u00bb, marcap\u00e1ginas magn\u00e9tico hologr\u00e1fico con post-its.<\/p>\n","protected":false},"featured_media":22436,"comment_status":"open","ping_status":"closed","template":"","meta":{"_mo_disable_npp":""},"product_brand":[],"product_cat":[28,278],"product_tag":[],"class_list":{"0":"post-22480","1":"product","2":"type-product","3":"status-publish","4":"has-post-thumbnail","6":"product_cat-bookmarks","7":"product_cat-ma","9":"first","10":"instock","11":"taxable","12":"shipping-taxable","13":"purchasable","14":"product-type-simple"},"_links":{"self":[{"href":"https:\/\/acourtofalsacesart.com\/index.php\/wp-json\/wp\/v2\/product\/22480","targetHints":{"allow":["GET"]}}],"collection":[{"href":"https:\/\/acourtofalsacesart.com\/index.php\/wp-json\/wp\/v2\/product"}],"about":[{"href":"https:\/\/acourtofalsacesart.com\/index.php\/wp-json\/wp\/v2\/types\/product"}],"replies":[{"embeddable":true,"href":"https:\/\/acourtofalsacesart.com\/index.php\/wp-json\/wp\/v2\/comments?post=22480"}],"wp:featuredmedia":[{"embeddable":true,"href":"https:\/\/acourtofalsacesart.com\/index.php\/wp-json\/wp\/v2\/media\/22436"}],"wp:attachment":[{"href":"https:\/\/acourtofalsacesart.com\/index.php\/wp-json\/wp\/v2\/media?parent=22480"}],"wp:term":[{"taxonomy":"product_brand","embeddable":true,"href":"https:\/\/acourtofalsacesart.com\/index.php\/wp-json\/wp\/v2\/product_brand?post=22480"},{"taxonomy":"product_cat","embeddable":true,"href":"https:\/\/acourtofalsacesart.com\/index.php\/wp-json\/wp\/v2\/product_cat?post=22480"},{"taxonomy":"product_tag","embeddable":true,"href":"https:\/\/acourtofalsacesart.com\/index.php\/wp-json\/wp\/v2\/product_tag?post=22480"}],"curies":[{"name":"wp","href":"https:\/\/api.w.org\/{rel}","templated":true}]}}