{"id":22382,"date":"2026-01-19T15:59:32","date_gmt":"2026-01-19T15:59:32","guid":{"rendered":"https:\/\/acourtofalsacesart.com\/?post_type=product&#038;p=22382"},"modified":"2026-04-16T08:10:00","modified_gmt":"2026-04-16T08:10:00","slug":"pack-hojas-sueltas-journal-la-lectora","status":"publish","type":"product","link":"https:\/\/acourtofalsacesart.com\/index.php\/producto\/pack-hojas-sueltas-journal-la-lectora\/","title":{"rendered":"Pack hojas sueltas Journal \u00bbLa lectora\u00bb"},"content":{"rendered":"<ul>\n<li>Bookish Goals.<\/li>\n<li>Libros le\u00eddos.<\/li>\n<li>Hojas para 25 rese\u00f1as.<\/li>\n<li>12 hojas, TBR y WRAP Up.<\/li>\n<li>Notas.<\/li>\n<li>Estad\u00edsticas.<\/li>\n<li>Juegos, bingo, crucigramas..<\/li>\n<\/ul>\n<p>IMPORTANTE: Hay dos tipos de hojas de rese\u00f1as, las rese\u00f1as cortas que es la p\u00e1gina que tiene la forma de librito solo, y la rese\u00f1a larga que tiene m\u00e1s espacio para la rese\u00f1a y contenido extra.<\/p>\n","protected":false},"excerpt":{"rendered":"<p>Bookish Goals. Libros le\u00eddos. Hojas para 25 rese\u00f1as. 12 hojas, TBR y WRAP Up. Notas. Estad\u00edsticas. Juegos, bingo, crucigramas.. IMPORTANTE: Hay dos tipos de hojas de rese\u00f1as, las rese\u00f1as cortas que es la p\u00e1gina que tiene la forma de librito solo, y la rese\u00f1a larga que tiene m\u00e1s espacio para [&hellip;]<\/p>\n","protected":false},"featured_media":22096,"comment_status":"open","ping_status":"closed","template":"","meta":{"_mo_disable_npp":""},"product_brand":[],"product_cat":[250],"product_tag":[],"class_list":{"0":"post-22382","1":"product","2":"type-product","3":"status-publish","4":"has-post-thumbnail","6":"product_cat-stationery","8":"first","9":"instock","10":"taxable","11":"shipping-taxable","12":"purchasable","13":"product-type-variable"},"_links":{"self":[{"href":"https:\/\/acourtofalsacesart.com\/index.php\/wp-json\/wp\/v2\/product\/22382","targetHints":{"allow":["GET"]}}],"collection":[{"href":"https:\/\/acourtofalsacesart.com\/index.php\/wp-json\/wp\/v2\/product"}],"about":[{"href":"https:\/\/acourtofalsacesart.com\/index.php\/wp-json\/wp\/v2\/types\/product"}],"replies":[{"embeddable":true,"href":"https:\/\/acourtofalsacesart.com\/index.php\/wp-json\/wp\/v2\/comments?post=22382"}],"wp:featuredmedia":[{"embeddable":true,"href":"https:\/\/acourtofalsacesart.com\/index.php\/wp-json\/wp\/v2\/media\/22096"}],"wp:attachment":[{"href":"https:\/\/acourtofalsacesart.com\/index.php\/wp-json\/wp\/v2\/media?parent=22382"}],"wp:term":[{"taxonomy":"product_brand","embeddable":true,"href":"https:\/\/acourtofalsacesart.com\/index.php\/wp-json\/wp\/v2\/product_brand?post=22382"},{"taxonomy":"product_cat","embeddable":true,"href":"https:\/\/acourtofalsacesart.com\/index.php\/wp-json\/wp\/v2\/product_cat?post=22382"},{"taxonomy":"product_tag","embeddable":true,"href":"https:\/\/acourtofalsacesart.com\/index.php\/wp-json\/wp\/v2\/product_tag?post=22382"}],"curies":[{"name":"wp","href":"https:\/\/api.w.org\/{rel}","templated":true}]}}