{"id":22190,"date":"2025-11-15T17:44:40","date_gmt":"2025-11-15T17:44:40","guid":{"rendered":"https:\/\/acourtofalsacesart.com\/?post_type=product&#038;p=22190"},"modified":"2026-04-09T12:08:44","modified_gmt":"2026-04-09T12:08:44","slug":"en-stock-fundas-de-libro-de-solapa-y-totebags-all-over","status":"publish","type":"product","link":"https:\/\/acourtofalsacesart.com\/index.php\/producto\/en-stock-fundas-de-libro-de-solapa-y-totebags-all-over\/","title":{"rendered":"EN STOCK: Fundas de libro, de solapa y totebags all-over."},"content":{"rendered":"<p>Productos EN STOCK.<\/p>\n<p>Tiempo de env\u00edo 10\/18 d\u00edas laborales aprox, si no se pide con alg\u00fan objeto en preventa.<\/p>\n<p>Solo hay una unidad de cada porque son los modelos de muestra, en caso de que est\u00e9n agotados, pod\u00e9is adquirirlos como preventa.<\/p>\n<p>Para cualquier duda, mis dm est\u00e1n siempre abiertos.<\/p>\n<p>Gracias \ud83d\ude42<\/p>\n","protected":false},"excerpt":{"rendered":"<p>Productos EN STOCK. Tiempo de env\u00edo 10\/18 d\u00edas laborales aprox, si no se pide con alg\u00fan objeto en preventa. Solo hay una unidad de cada porque son los modelos de muestra, en caso de que est\u00e9n agotados, pod\u00e9is adquirirlos como preventa. Para cualquier duda, mis dm est\u00e1n siempre abiertos. Gracias [&hellip;]<\/p>\n","protected":false},"featured_media":22072,"comment_status":"open","ping_status":"closed","template":"","meta":{"_mo_disable_npp":""},"product_brand":[],"product_cat":[1294,2190,1772],"product_tag":[],"class_list":{"0":"post-22190","1":"product","2":"type-product","3":"status-publish","4":"has-post-thumbnail","6":"product_cat-booksleeve","7":"product_cat-coleccion-libros-de-fantasia","8":"product_cat-novedades","10":"first","11":"outofstock","12":"taxable","13":"shipping-taxable","14":"purchasable","15":"product-type-variable"},"_links":{"self":[{"href":"https:\/\/acourtofalsacesart.com\/index.php\/wp-json\/wp\/v2\/product\/22190","targetHints":{"allow":["GET"]}}],"collection":[{"href":"https:\/\/acourtofalsacesart.com\/index.php\/wp-json\/wp\/v2\/product"}],"about":[{"href":"https:\/\/acourtofalsacesart.com\/index.php\/wp-json\/wp\/v2\/types\/product"}],"replies":[{"embeddable":true,"href":"https:\/\/acourtofalsacesart.com\/index.php\/wp-json\/wp\/v2\/comments?post=22190"}],"wp:featuredmedia":[{"embeddable":true,"href":"https:\/\/acourtofalsacesart.com\/index.php\/wp-json\/wp\/v2\/media\/22072"}],"wp:attachment":[{"href":"https:\/\/acourtofalsacesart.com\/index.php\/wp-json\/wp\/v2\/media?parent=22190"}],"wp:term":[{"taxonomy":"product_brand","embeddable":true,"href":"https:\/\/acourtofalsacesart.com\/index.php\/wp-json\/wp\/v2\/product_brand?post=22190"},{"taxonomy":"product_cat","embeddable":true,"href":"https:\/\/acourtofalsacesart.com\/index.php\/wp-json\/wp\/v2\/product_cat?post=22190"},{"taxonomy":"product_tag","embeddable":true,"href":"https:\/\/acourtofalsacesart.com\/index.php\/wp-json\/wp\/v2\/product_tag?post=22190"}],"curies":[{"name":"wp","href":"https:\/\/api.w.org\/{rel}","templated":true}]}}