{"id":22186,"date":"2025-11-15T17:07:53","date_gmt":"2025-11-15T17:07:53","guid":{"rendered":"https:\/\/acourtofalsacesart.com\/?post_type=product&#038;p=22186"},"modified":"2025-11-15T18:51:41","modified_gmt":"2025-11-15T18:51:41","slug":"preorder-custom-blanket-preventa-manta-personalizada-100x150cm","status":"publish","type":"product","link":"https:\/\/acourtofalsacesart.com\/index.php\/producto\/preorder-custom-blanket-preventa-manta-personalizada-100x150cm\/","title":{"rendered":"PREORDER &#8211; Custom blanket \/ Preventa manta personalizada 100x150cm."},"content":{"rendered":"<p>Pod\u00e9is personalizar la manta con cualquier dise\u00f1o de la web.<\/p>\n<p>Deja en notas qu\u00e9 modelo quieres para la manta \ud83d\ude42<\/p>\n<p>Se enviar\u00e1 a finales de diciembre aprox.<\/p>\n<p><strong>Medidas : 100x150cm.<\/strong><\/p>\n<p>Primera tanda de preventa de mantas, si la quer\u00e9is como regalo de navidad dejadlo en notas para envolverla con esa tem\u00e1tica \ud83d\ude42<\/p>\n","protected":false},"excerpt":{"rendered":"<p>Pod\u00e9is personalizar la manta con cualquier dise\u00f1o de la web. Deja en notas qu\u00e9 modelo quieres para la manta \ud83d\ude42 Se enviar\u00e1 a finales de diciembre aprox. Medidas : 100x150cm. Primera tanda de preventa de mantas, si la quer\u00e9is como regalo de navidad dejadlo en notas para envolverla con esa [&hellip;]<\/p>\n","protected":false},"featured_media":22046,"comment_status":"open","ping_status":"closed","template":"","meta":{"_mo_disable_npp":""},"product_brand":[],"product_cat":[1294,1734,1267],"product_tag":[],"class_list":{"0":"post-22186","1":"product","2":"type-product","3":"status-publish","4":"has-post-thumbnail","6":"product_cat-booksleeve","7":"product_cat-coleccion-navidad","8":"product_cat-preventas","10":"first","11":"instock","12":"taxable","13":"shipping-taxable","14":"purchasable","15":"product-type-simple"},"_links":{"self":[{"href":"https:\/\/acourtofalsacesart.com\/index.php\/wp-json\/wp\/v2\/product\/22186","targetHints":{"allow":["GET"]}}],"collection":[{"href":"https:\/\/acourtofalsacesart.com\/index.php\/wp-json\/wp\/v2\/product"}],"about":[{"href":"https:\/\/acourtofalsacesart.com\/index.php\/wp-json\/wp\/v2\/types\/product"}],"replies":[{"embeddable":true,"href":"https:\/\/acourtofalsacesart.com\/index.php\/wp-json\/wp\/v2\/comments?post=22186"}],"wp:featuredmedia":[{"embeddable":true,"href":"https:\/\/acourtofalsacesart.com\/index.php\/wp-json\/wp\/v2\/media\/22046"}],"wp:attachment":[{"href":"https:\/\/acourtofalsacesart.com\/index.php\/wp-json\/wp\/v2\/media?parent=22186"}],"wp:term":[{"taxonomy":"product_brand","embeddable":true,"href":"https:\/\/acourtofalsacesart.com\/index.php\/wp-json\/wp\/v2\/product_brand?post=22186"},{"taxonomy":"product_cat","embeddable":true,"href":"https:\/\/acourtofalsacesart.com\/index.php\/wp-json\/wp\/v2\/product_cat?post=22186"},{"taxonomy":"product_tag","embeddable":true,"href":"https:\/\/acourtofalsacesart.com\/index.php\/wp-json\/wp\/v2\/product_tag?post=22186"}],"curies":[{"name":"wp","href":"https:\/\/api.w.org\/{rel}","templated":true}]}}