{"id":22175,"date":"2025-11-15T16:43:34","date_gmt":"2025-11-15T16:43:34","guid":{"rendered":"https:\/\/acourtofalsacesart.com\/?post_type=product&#038;p=22175"},"modified":"2026-01-08T12:33:53","modified_gmt":"2026-01-08T12:33:53","slug":"preorder-custom-blanket-preventa-manta-personalizada-150x200cm","status":"publish","type":"product","link":"https:\/\/acourtofalsacesart.com\/index.php\/producto\/preorder-custom-blanket-preventa-manta-personalizada-150x200cm\/","title":{"rendered":"PREORDER &#8211; Custom blanket \/ Preventa manta personalizada 150x200cm."},"content":{"rendered":"<p>Pod\u00e9is personalizar la manta con cualquier dise\u00f1o de la web.<\/p>\n<p>Deja en notas qu\u00e9 modelo quieres para la manta \ud83d\ude42<\/p>\n<p>Se enviar\u00e1 a finales de diciembre aprox.<\/p>\n<p><strong>Medidas :\u00a0 150 x 200cm.<\/strong><\/p>\n<p>Primera tanda de preventa de mantas, si la quer\u00e9is como regalo de navidad dejadlo en notas para envolverla con esa tem\u00e1tica \ud83d\ude42<\/p>\n","protected":false},"excerpt":{"rendered":"<p>Pod\u00e9is personalizar la manta con cualquier dise\u00f1o de la web. Deja en notas qu\u00e9 modelo quieres para la manta \ud83d\ude42 Se enviar\u00e1 a finales de diciembre aprox. Medidas :\u00a0 150 x 200cm. Primera tanda de preventa de mantas, si la quer\u00e9is como regalo de navidad dejadlo en notas para envolverla [&hellip;]<\/p>\n","protected":false},"featured_media":22053,"comment_status":"open","ping_status":"closed","template":"","meta":{"_mo_disable_npp":""},"product_brand":[],"product_cat":[1294,1734,1267],"product_tag":[],"class_list":{"0":"post-22175","1":"product","2":"type-product","3":"status-publish","4":"has-post-thumbnail","6":"product_cat-booksleeve","7":"product_cat-coleccion-navidad","8":"product_cat-preventas","10":"first","11":"instock","12":"taxable","13":"shipping-taxable","14":"purchasable","15":"product-type-simple"},"_links":{"self":[{"href":"https:\/\/acourtofalsacesart.com\/index.php\/wp-json\/wp\/v2\/product\/22175","targetHints":{"allow":["GET"]}}],"collection":[{"href":"https:\/\/acourtofalsacesart.com\/index.php\/wp-json\/wp\/v2\/product"}],"about":[{"href":"https:\/\/acourtofalsacesart.com\/index.php\/wp-json\/wp\/v2\/types\/product"}],"replies":[{"embeddable":true,"href":"https:\/\/acourtofalsacesart.com\/index.php\/wp-json\/wp\/v2\/comments?post=22175"}],"wp:featuredmedia":[{"embeddable":true,"href":"https:\/\/acourtofalsacesart.com\/index.php\/wp-json\/wp\/v2\/media\/22053"}],"wp:attachment":[{"href":"https:\/\/acourtofalsacesart.com\/index.php\/wp-json\/wp\/v2\/media?parent=22175"}],"wp:term":[{"taxonomy":"product_brand","embeddable":true,"href":"https:\/\/acourtofalsacesart.com\/index.php\/wp-json\/wp\/v2\/product_brand?post=22175"},{"taxonomy":"product_cat","embeddable":true,"href":"https:\/\/acourtofalsacesart.com\/index.php\/wp-json\/wp\/v2\/product_cat?post=22175"},{"taxonomy":"product_tag","embeddable":true,"href":"https:\/\/acourtofalsacesart.com\/index.php\/wp-json\/wp\/v2\/product_tag?post=22175"}],"curies":[{"name":"wp","href":"https:\/\/api.w.org\/{rel}","templated":true}]}}