{"id":22169,"date":"2025-11-15T16:27:19","date_gmt":"2025-11-15T16:27:19","guid":{"rendered":"https:\/\/acourtofalsacesart.com\/?post_type=product&#038;p=22169"},"modified":"2025-11-27T21:43:31","modified_gmt":"2025-11-27T21:43:31","slug":"preorder-pack-lector-caja-de-merch-literaria-romantasy-reading-club","status":"publish","type":"product","link":"https:\/\/acourtofalsacesart.com\/index.php\/producto\/preorder-pack-lector-caja-de-merch-literaria-romantasy-reading-club\/","title":{"rendered":"PREORDER -Pack lector : Caja de merch literaria, Romantasy reading club."},"content":{"rendered":"<h5><em><strong>La preventa est\u00e1 abierta hasta el 26\u00a0 de Noviembre.<\/strong><\/em><\/h5>\n<p>Pack lector : Caja de merch literaria, Romantasy reading club.<\/p>\n<p>TAMA\u00d1O MANTA a elegir entre : 150X200CM. y 100&#215;150.<\/p>\n<p><strong>Pod\u00e9is personalizar la manta y la funda de libro con cualquier dise\u00f1o de la web, si quer\u00e9is por ej, un dise\u00f1o de funda con el modelo del standee de Caraval, escribidme y vemos si es posible.<\/strong><\/p>\n<p>La caja tiene 3 niveles diferentes, con 6\u00a0 precios diferentes que var\u00edan seg\u00fan la opci\u00f3n de manta<\/p>\n<p>elegida entre otros..<\/p>\n<ul>\n<li><strong>Visitando Velaris:<\/strong> Esta caja contiene 1 manta personalizada, 1 l\u00e1mina A5 de Feyre Archeron sentada en los libros, 1 marcap\u00e1ginas magn\u00e9tico con tem\u00e1tica romantasy y algunos regalitos mas.<\/li>\n<li><strong>En las bibliotecas de Basgiath:<\/strong>Esta caja contiene 1 manta personalizada, 1 l\u00e1mina A5 de Feyre Archeron sentada en los libros, 1 marcap\u00e1ginas magn\u00e9tico con tem\u00e1tica romantasy y algunos regalitos mas,un melt y una taza, y algunos regalitos m\u00e1s.<\/li>\n<li><strong>Paseando por el Magn\u00edfico Norte:<\/strong> Esta caja contiene 1 manta personalizada, 1 l\u00e1mina A5 de Feyre Archeron sentada en los libros, 1 marcap\u00e1ginas magn\u00e9tico con tem\u00e1tica romantasy y algunos regalitos mas,un melt , una taza de \u00bbLa Lectora\u00bb ,1 funda de libro y un Reading Journal de \u00bbLa lectora\u00bb.<strong><\/strong><\/li>\n<\/ul>\n<p><strong>Ten\u00e9is que dejar en notas qu\u00e9 modelo de manta quer\u00e9is de entre los que pod\u00e9is elegir y qu\u00e9 modelo de funda quer\u00e9is.\u00a0<\/strong><\/p>\n<p>Los modelos predeterminados de la funda y la manta son: el estampado de Romantasy para la funda<\/p>\n<p>y la manta de \u00bb&#8217; La lectora\u00bb.<\/p>\n<p>El pack ir\u00e1 dentro de una bolsita como en la foto, en caso de escoger la manta de 100x150cm y todos los objetos menos la manta en la bolsita en caso de escoger la opci\u00f3n de 150x200cm.<\/p>\n<p>&nbsp;<\/p>\n<p>El pack se enviar\u00e1 a principios de Enero o finales de diciembre m\u00e1s o menos.<\/p>\n<p>&nbsp;<\/p>\n","protected":false},"excerpt":{"rendered":"<p>&#8230;<\/p>\n","protected":false},"featured_media":22139,"comment_status":"open","ping_status":"closed","template":"","meta":{"_mo_disable_npp":""},"product_brand":[],"product_cat":[1691,1734,1772,1267],"product_tag":[1664,303,1665,298,1666,1663,1662],"class_list":{"0":"post-22169","1":"product","2":"type-product","3":"status-publish","4":"has-post-thumbnail","6":"product_cat-cajas-tematicas","7":"product_cat-coleccion-navidad","8":"product_cat-novedades","9":"product_cat-preventas","10":"product_tag-dracula","11":"product_tag-halloween","12":"product_tag-hawkins","13":"product_tag-salem","14":"product_tag-stranger-thing","15":"product_tag-witch","16":"product_tag-witches","18":"first","19":"instock","20":"taxable","21":"shipping-taxable","22":"purchasable","23":"product-type-variable"},"_links":{"self":[{"href":"https:\/\/acourtofalsacesart.com\/index.php\/wp-json\/wp\/v2\/product\/22169","targetHints":{"allow":["GET"]}}],"collection":[{"href":"https:\/\/acourtofalsacesart.com\/index.php\/wp-json\/wp\/v2\/product"}],"about":[{"href":"https:\/\/acourtofalsacesart.com\/index.php\/wp-json\/wp\/v2\/types\/product"}],"replies":[{"embeddable":true,"href":"https:\/\/acourtofalsacesart.com\/index.php\/wp-json\/wp\/v2\/comments?post=22169"}],"wp:featuredmedia":[{"embeddable":true,"href":"https:\/\/acourtofalsacesart.com\/index.php\/wp-json\/wp\/v2\/media\/22139"}],"wp:attachment":[{"href":"https:\/\/acourtofalsacesart.com\/index.php\/wp-json\/wp\/v2\/media?parent=22169"}],"wp:term":[{"taxonomy":"product_brand","embeddable":true,"href":"https:\/\/acourtofalsacesart.com\/index.php\/wp-json\/wp\/v2\/product_brand?post=22169"},{"taxonomy":"product_cat","embeddable":true,"href":"https:\/\/acourtofalsacesart.com\/index.php\/wp-json\/wp\/v2\/product_cat?post=22169"},{"taxonomy":"product_tag","embeddable":true,"href":"https:\/\/acourtofalsacesart.com\/index.php\/wp-json\/wp\/v2\/product_tag?post=22169"}],"curies":[{"name":"wp","href":"https:\/\/api.w.org\/{rel}","templated":true}]}}