{"id":22162,"date":"2025-11-15T16:26:56","date_gmt":"2025-11-15T16:26:56","guid":{"rendered":"https:\/\/acourtofalsacesart.com\/?post_type=product&#038;p=22162"},"modified":"2026-02-11T15:11:14","modified_gmt":"2026-02-11T15:11:14","slug":"reading-journal-la-lectora-modelo-tapa-dura","status":"publish","type":"product","link":"https:\/\/acourtofalsacesart.com\/index.php\/producto\/reading-journal-la-lectora-modelo-tapa-dura\/","title":{"rendered":"PREORDER: Reading journal, La Lectora &#8211; Modelo tapa dura."},"content":{"rendered":"<p>Reading journal, La Lectora &#8211; Modelo tapa dura.<\/p>\n<p>Incluye:<\/p>\n<ul>\n<li>P\u00e1gina de \u00cdndice.<\/li>\n<li>Bookish Goals.<\/li>\n<li>Estanter\u00eda para colorear y rellenar.<\/li>\n<li>Libros le\u00eddos.<\/li>\n<li>Hojas para 25 rese\u00f1as.<\/li>\n<li>12 hojas, TBR y WRAP Up.<\/li>\n<li>Notas.<\/li>\n<li>Estad\u00edsticas.<\/li>\n<li>Juegos, bingo, crucigramas.<\/li>\n<li>Recomendaciones.<\/li>\n<\/ul>\n<p>Y m\u00e1s secciones, adem\u00e1s que incluir\u00e1 varias hojas de pegatinas con portadas de libro. En caso de que quer\u00e1is personalizarlas, dejadmelo en notas. Ir\u00e1n aprox unas 15 pegatinas.<\/p>\n<p><strong>TIEMPO DE PREPARACI\u00d3N<\/strong>: 2\/5 SEMANAS.<\/p>\n<p><strong><em>No se realizan reembolsos de productos en preventa, ya que es un producto hecho bajo reserva para usted.<\/em><\/strong><\/p>\n","protected":false},"excerpt":{"rendered":"<p>Reading journal, La Lectora &#8211; Modelo tapa dura. Incluye: P\u00e1gina de \u00cdndice. Bookish Goals. Estanter\u00eda para colorear y rellenar. Libros le\u00eddos. Hojas para 25 rese\u00f1as. 12 hojas, TBR y WRAP Up. Notas. Estad\u00edsticas. Juegos, bingo, crucigramas. Recomendaciones. Y m\u00e1s secciones, adem\u00e1s que incluir\u00e1 varias hojas de pegatinas con portadas de [&hellip;]<\/p>\n","protected":false},"featured_media":22080,"comment_status":"open","ping_status":"closed","template":"","meta":{"_mo_disable_npp":""},"product_brand":[],"product_cat":[2190,1772,1267,250],"product_tag":[],"class_list":{"0":"post-22162","1":"product","2":"type-product","3":"status-publish","4":"has-post-thumbnail","6":"product_cat-coleccion-libros-de-fantasia","7":"product_cat-novedades","8":"product_cat-preventas","9":"product_cat-stationery","11":"first","12":"instock","13":"taxable","14":"shipping-taxable","15":"purchasable","16":"product-type-simple"},"_links":{"self":[{"href":"https:\/\/acourtofalsacesart.com\/index.php\/wp-json\/wp\/v2\/product\/22162","targetHints":{"allow":["GET"]}}],"collection":[{"href":"https:\/\/acourtofalsacesart.com\/index.php\/wp-json\/wp\/v2\/product"}],"about":[{"href":"https:\/\/acourtofalsacesart.com\/index.php\/wp-json\/wp\/v2\/types\/product"}],"replies":[{"embeddable":true,"href":"https:\/\/acourtofalsacesart.com\/index.php\/wp-json\/wp\/v2\/comments?post=22162"}],"wp:featuredmedia":[{"embeddable":true,"href":"https:\/\/acourtofalsacesart.com\/index.php\/wp-json\/wp\/v2\/media\/22080"}],"wp:attachment":[{"href":"https:\/\/acourtofalsacesart.com\/index.php\/wp-json\/wp\/v2\/media?parent=22162"}],"wp:term":[{"taxonomy":"product_brand","embeddable":true,"href":"https:\/\/acourtofalsacesart.com\/index.php\/wp-json\/wp\/v2\/product_brand?post=22162"},{"taxonomy":"product_cat","embeddable":true,"href":"https:\/\/acourtofalsacesart.com\/index.php\/wp-json\/wp\/v2\/product_cat?post=22162"},{"taxonomy":"product_tag","embeddable":true,"href":"https:\/\/acourtofalsacesart.com\/index.php\/wp-json\/wp\/v2\/product_tag?post=22162"}],"curies":[{"name":"wp","href":"https:\/\/api.w.org\/{rel}","templated":true}]}}