{"id":22161,"date":"2025-11-15T16:26:44","date_gmt":"2025-11-15T16:26:44","guid":{"rendered":"https:\/\/acourtofalsacesart.com\/?post_type=product&#038;p=22161"},"modified":"2026-02-22T09:02:19","modified_gmt":"2026-02-22T09:02:19","slug":"preorder-totebag-all-over-con-cremallera-y-bolsillo-y-guata","status":"publish","type":"product","link":"https:\/\/acourtofalsacesart.com\/index.php\/producto\/preorder-totebag-all-over-con-cremallera-y-bolsillo-y-guata\/","title":{"rendered":"PREORDER: Totebag All-over con cremallera y bolsillo, y guata."},"content":{"rendered":"<h5><em>IMPORTANTE: Si quer\u00e9is que llege para navidad o reyes, dejadlo anotado en notas.<\/em><\/h5>\n<p><strong>La preventa para llegar a esas fechas durar\u00e1 hasta el 22 de Noviembre.<\/strong><\/p>\n<p>PREORDER: Totebag All-over con cremallera y bolsillo, y guata.<\/p>\n<p>Deja en notas qu\u00e9 modelo quieres para la tote, puede ser impresa con un dise\u00f1o diferente en cada cara.<\/p>\n<p><strong>TIEMPO DE PREPARACI\u00d3N<\/strong>: 2\/4 semanas.<\/p>\n<p><strong><em>No se realizan reembolsos de productos en preventa, ya que es un producto hecho bajo reserva para usted.<\/em><\/strong><\/p>\n","protected":false},"excerpt":{"rendered":"<p>IMPORTANTE: Si quer\u00e9is que llege para navidad o reyes, dejadlo anotado en notas. La preventa para llegar a esas fechas durar\u00e1 hasta el 22 de Noviembre. PREORDER: Totebag All-over con cremallera y bolsillo, y guata. Deja en notas qu\u00e9 modelo quieres para la tote, puede ser impresa con un dise\u00f1o [&hellip;]<\/p>\n","protected":false},"featured_media":22067,"comment_status":"open","ping_status":"closed","template":"","meta":{"_mo_disable_npp":""},"product_brand":[],"product_cat":[1294,2190],"product_tag":[],"class_list":{"0":"post-22161","1":"product","2":"type-product","3":"status-publish","4":"has-post-thumbnail","6":"product_cat-booksleeve","7":"product_cat-coleccion-libros-de-fantasia","9":"first","10":"instock","11":"taxable","12":"shipping-taxable","13":"purchasable","14":"product-type-simple"},"_links":{"self":[{"href":"https:\/\/acourtofalsacesart.com\/index.php\/wp-json\/wp\/v2\/product\/22161","targetHints":{"allow":["GET"]}}],"collection":[{"href":"https:\/\/acourtofalsacesart.com\/index.php\/wp-json\/wp\/v2\/product"}],"about":[{"href":"https:\/\/acourtofalsacesart.com\/index.php\/wp-json\/wp\/v2\/types\/product"}],"replies":[{"embeddable":true,"href":"https:\/\/acourtofalsacesart.com\/index.php\/wp-json\/wp\/v2\/comments?post=22161"}],"wp:featuredmedia":[{"embeddable":true,"href":"https:\/\/acourtofalsacesart.com\/index.php\/wp-json\/wp\/v2\/media\/22067"}],"wp:attachment":[{"href":"https:\/\/acourtofalsacesart.com\/index.php\/wp-json\/wp\/v2\/media?parent=22161"}],"wp:term":[{"taxonomy":"product_brand","embeddable":true,"href":"https:\/\/acourtofalsacesart.com\/index.php\/wp-json\/wp\/v2\/product_brand?post=22161"},{"taxonomy":"product_cat","embeddable":true,"href":"https:\/\/acourtofalsacesart.com\/index.php\/wp-json\/wp\/v2\/product_cat?post=22161"},{"taxonomy":"product_tag","embeddable":true,"href":"https:\/\/acourtofalsacesart.com\/index.php\/wp-json\/wp\/v2\/product_tag?post=22161"}],"curies":[{"name":"wp","href":"https:\/\/api.w.org\/{rel}","templated":true}]}}