{"id":22159,"date":"2025-11-15T16:26:27","date_gmt":"2025-11-15T16:26:27","guid":{"rendered":"https:\/\/acourtofalsacesart.com\/?post_type=product&#038;p=22159"},"modified":"2026-04-23T13:32:12","modified_gmt":"2026-04-23T13:32:12","slug":"preorder-la-lectora-funda-de-solapa","status":"publish","type":"product","link":"https:\/\/acourtofalsacesart.com\/index.php\/producto\/preorder-la-lectora-funda-de-solapa\/","title":{"rendered":"PREORDER: \u00bbLa lectora\u00bb funda de solapa."},"content":{"rendered":"<h5><em>IMPORTANTE: Si quer\u00e9is que llege para navidad o reyes, dejadlo anotado en notas.<\/em><\/h5>\n<p><strong>La preventa para llegar a esas fechas durar\u00e1 hasta el 22 de Noviembre.<\/strong><\/p>\n<p><strong>IMPORTANTE<\/strong><\/p>\n<p>Tama\u00f1o grande: Entran tanto el libro de P\u00e9talos de papel como el de \u00bbLa sangre de H\u00e9rcules.\u00bb<\/p>\n<p><strong>TIEMPO DE PREPARACI\u00d3N<\/strong>: 2\/4 semanas.<\/p>\n<p><strong><em>No se realizan reembolsos de productos en preventa, ya que es un producto hecho bajo reserva para usted.<\/em><\/strong><\/p>\n","protected":false},"excerpt":{"rendered":"<p>IMPORTANTE: Si quer\u00e9is que llege para navidad o reyes, dejadlo anotado en notas. La preventa para llegar a esas fechas durar\u00e1 hasta el 22 de Noviembre. IMPORTANTE Tama\u00f1o grande: Entran tanto el libro de P\u00e9talos de papel como el de \u00bbLa sangre de H\u00e9rcules.\u00bb TIEMPO DE PREPARACI\u00d3N: 2\/4 semanas. No [&hellip;]<\/p>\n","protected":false},"featured_media":22115,"comment_status":"open","ping_status":"closed","template":"","meta":{"_mo_disable_npp":""},"product_brand":[],"product_cat":[1294,2190,1267],"product_tag":[],"class_list":{"0":"post-22159","1":"product","2":"type-product","3":"status-publish","4":"has-post-thumbnail","6":"product_cat-booksleeve","7":"product_cat-coleccion-libros-de-fantasia","8":"product_cat-preventas","10":"first","11":"instock","12":"taxable","13":"shipping-taxable","14":"purchasable","15":"product-type-simple"},"_links":{"self":[{"href":"https:\/\/acourtofalsacesart.com\/index.php\/wp-json\/wp\/v2\/product\/22159","targetHints":{"allow":["GET"]}}],"collection":[{"href":"https:\/\/acourtofalsacesart.com\/index.php\/wp-json\/wp\/v2\/product"}],"about":[{"href":"https:\/\/acourtofalsacesart.com\/index.php\/wp-json\/wp\/v2\/types\/product"}],"replies":[{"embeddable":true,"href":"https:\/\/acourtofalsacesart.com\/index.php\/wp-json\/wp\/v2\/comments?post=22159"}],"wp:featuredmedia":[{"embeddable":true,"href":"https:\/\/acourtofalsacesart.com\/index.php\/wp-json\/wp\/v2\/media\/22115"}],"wp:attachment":[{"href":"https:\/\/acourtofalsacesart.com\/index.php\/wp-json\/wp\/v2\/media?parent=22159"}],"wp:term":[{"taxonomy":"product_brand","embeddable":true,"href":"https:\/\/acourtofalsacesart.com\/index.php\/wp-json\/wp\/v2\/product_brand?post=22159"},{"taxonomy":"product_cat","embeddable":true,"href":"https:\/\/acourtofalsacesart.com\/index.php\/wp-json\/wp\/v2\/product_cat?post=22159"},{"taxonomy":"product_tag","embeddable":true,"href":"https:\/\/acourtofalsacesart.com\/index.php\/wp-json\/wp\/v2\/product_tag?post=22159"}],"curies":[{"name":"wp","href":"https:\/\/api.w.org\/{rel}","templated":true}]}}