{"id":21764,"date":"2025-10-18T15:36:03","date_gmt":"2025-10-18T15:36:03","guid":{"rendered":"https:\/\/acourtofalsacesart.com\/?post_type=product&#038;p=21764"},"modified":"2025-10-30T14:58:12","modified_gmt":"2025-10-30T14:58:12","slug":"especial-halloween-3x2-en-marcas-magneticos","status":"publish","type":"product","link":"https:\/\/acourtofalsacesart.com\/index.php\/producto\/especial-halloween-3x2-en-marcas-magneticos\/","title":{"rendered":"Especial Halloween &#8211; 3&#215;2 en marcas magn\u00e9ticos."},"content":{"rendered":"<p>3&#215;2 en marcas magn\u00e9ticos.<\/p>\n<p><strong>IMPORTANTE<\/strong><\/p>\n<p><strong>S\u00f3lo v\u00e1lido en los marcap\u00e1ginas magn\u00e9ticos de Halloween, excluyendo la nueva colecci\u00f3n.<\/strong><\/p>\n","protected":false},"excerpt":{"rendered":"<p>3&#215;2 en marcas magn\u00e9ticos. IMPORTANTE S\u00f3lo v\u00e1lido en los marcap\u00e1ginas magn\u00e9ticos de Halloween, excluyendo la nueva colecci\u00f3n.<\/p>\n","protected":false},"featured_media":21759,"comment_status":"open","ping_status":"closed","template":"","meta":{"_mo_disable_npp":""},"product_brand":[],"product_cat":[1627,278,2385],"product_tag":[],"class_list":{"0":"post-21764","1":"product","2":"type-product","3":"status-publish","4":"has-post-thumbnail","6":"product_cat-halloween","7":"product_cat-ma","8":"product_cat-shop-update-2025","10":"first","11":"instock","12":"taxable","13":"shipping-taxable","14":"purchasable","15":"product-type-simple"},"_links":{"self":[{"href":"https:\/\/acourtofalsacesart.com\/index.php\/wp-json\/wp\/v2\/product\/21764","targetHints":{"allow":["GET"]}}],"collection":[{"href":"https:\/\/acourtofalsacesart.com\/index.php\/wp-json\/wp\/v2\/product"}],"about":[{"href":"https:\/\/acourtofalsacesart.com\/index.php\/wp-json\/wp\/v2\/types\/product"}],"replies":[{"embeddable":true,"href":"https:\/\/acourtofalsacesart.com\/index.php\/wp-json\/wp\/v2\/comments?post=21764"}],"wp:featuredmedia":[{"embeddable":true,"href":"https:\/\/acourtofalsacesart.com\/index.php\/wp-json\/wp\/v2\/media\/21759"}],"wp:attachment":[{"href":"https:\/\/acourtofalsacesart.com\/index.php\/wp-json\/wp\/v2\/media?parent=21764"}],"wp:term":[{"taxonomy":"product_brand","embeddable":true,"href":"https:\/\/acourtofalsacesart.com\/index.php\/wp-json\/wp\/v2\/product_brand?post=21764"},{"taxonomy":"product_cat","embeddable":true,"href":"https:\/\/acourtofalsacesart.com\/index.php\/wp-json\/wp\/v2\/product_cat?post=21764"},{"taxonomy":"product_tag","embeddable":true,"href":"https:\/\/acourtofalsacesart.com\/index.php\/wp-json\/wp\/v2\/product_tag?post=21764"}],"curies":[{"name":"wp","href":"https:\/\/api.w.org\/{rel}","templated":true}]}}