{"id":21763,"date":"2025-10-18T15:36:01","date_gmt":"2025-10-18T15:36:01","guid":{"rendered":"https:\/\/acourtofalsacesart.com\/?post_type=product&#038;p=21763"},"modified":"2025-10-28T17:55:36","modified_gmt":"2025-10-28T17:55:36","slug":"especial-halloween-3x2-en-laminas-a5","status":"publish","type":"product","link":"https:\/\/acourtofalsacesart.com\/index.php\/producto\/especial-halloween-3x2-en-laminas-a5\/","title":{"rendered":"Especial Halloween .- 3&#215;2 en l\u00e1minas A5."},"content":{"rendered":"<p>3&#215;2 en l\u00e1minas A5 &#8211; <strong>S\u00f3lo v\u00e1lido en las l\u00e1minas de Halloween, excluyendo la nueva colecci\u00f3n.<\/strong><\/p>\n","protected":false},"excerpt":{"rendered":"<p>3&#215;2 en l\u00e1minas A5 &#8211; S\u00f3lo v\u00e1lido en las l\u00e1minas de Halloween, excluyendo la nueva colecci\u00f3n.<\/p>\n","protected":false},"featured_media":21754,"comment_status":"open","ping_status":"closed","template":"","meta":{"_mo_disable_npp":""},"product_brand":[],"product_cat":[1627,148,2385],"product_tag":[],"class_list":{"0":"post-21763","1":"product","2":"type-product","3":"status-publish","4":"has-post-thumbnail","6":"product_cat-halloween","7":"product_cat-prints","8":"product_cat-shop-update-2025","10":"first","11":"instock","12":"taxable","13":"shipping-taxable","14":"purchasable","15":"product-type-simple"},"_links":{"self":[{"href":"https:\/\/acourtofalsacesart.com\/index.php\/wp-json\/wp\/v2\/product\/21763","targetHints":{"allow":["GET"]}}],"collection":[{"href":"https:\/\/acourtofalsacesart.com\/index.php\/wp-json\/wp\/v2\/product"}],"about":[{"href":"https:\/\/acourtofalsacesart.com\/index.php\/wp-json\/wp\/v2\/types\/product"}],"replies":[{"embeddable":true,"href":"https:\/\/acourtofalsacesart.com\/index.php\/wp-json\/wp\/v2\/comments?post=21763"}],"wp:featuredmedia":[{"embeddable":true,"href":"https:\/\/acourtofalsacesart.com\/index.php\/wp-json\/wp\/v2\/media\/21754"}],"wp:attachment":[{"href":"https:\/\/acourtofalsacesart.com\/index.php\/wp-json\/wp\/v2\/media?parent=21763"}],"wp:term":[{"taxonomy":"product_brand","embeddable":true,"href":"https:\/\/acourtofalsacesart.com\/index.php\/wp-json\/wp\/v2\/product_brand?post=21763"},{"taxonomy":"product_cat","embeddable":true,"href":"https:\/\/acourtofalsacesart.com\/index.php\/wp-json\/wp\/v2\/product_cat?post=21763"},{"taxonomy":"product_tag","embeddable":true,"href":"https:\/\/acourtofalsacesart.com\/index.php\/wp-json\/wp\/v2\/product_tag?post=21763"}],"curies":[{"name":"wp","href":"https:\/\/api.w.org\/{rel}","templated":true}]}}