{"id":21688,"date":"2025-10-09T12:35:08","date_gmt":"2025-10-09T12:35:08","guid":{"rendered":"https:\/\/acourtofalsacesart.com\/?post_type=product&#038;p=21688"},"modified":"2025-12-12T16:53:41","modified_gmt":"2025-12-12T16:53:41","slug":"kai-y-paedyn-powerless-enamel-pin","status":"publish","type":"product","link":"https:\/\/acourtofalsacesart.com\/index.php\/producto\/kai-y-paedyn-powerless-enamel-pin\/","title":{"rendered":"Kai y Paedyn, Powerless enamel pin."},"content":{"rendered":"<p>&nbsp;<\/p>\n<p><strong>CARACTER\u00cdSTICAS<\/strong>:<\/p>\n<ul>\n<li><strong>Pin met\u00e1lico <\/strong>de 5cm m\u00e1s el extra del colgante.<\/li>\n<\/ul>\n<p>&nbsp;<\/p>\n","protected":false},"excerpt":{"rendered":"<p>&nbsp; CARACTER\u00cdSTICAS: Pin met\u00e1lico de 5cm m\u00e1s el extra del colgante. &nbsp;<\/p>\n","protected":false},"featured_media":21803,"comment_status":"open","ping_status":"closed","template":"","meta":{"_mo_disable_npp":""},"product_brand":[],"product_cat":[2190,1772,1248,2385],"product_tag":[],"class_list":{"0":"post-21688","1":"product","2":"type-product","3":"status-publish","4":"has-post-thumbnail","6":"product_cat-coleccion-libros-de-fantasia","7":"product_cat-novedades","8":"product_cat-accessories","9":"product_cat-shop-update-2025","11":"first","12":"instock","13":"taxable","14":"shipping-taxable","15":"purchasable","16":"product-type-simple"},"_links":{"self":[{"href":"https:\/\/acourtofalsacesart.com\/index.php\/wp-json\/wp\/v2\/product\/21688","targetHints":{"allow":["GET"]}}],"collection":[{"href":"https:\/\/acourtofalsacesart.com\/index.php\/wp-json\/wp\/v2\/product"}],"about":[{"href":"https:\/\/acourtofalsacesart.com\/index.php\/wp-json\/wp\/v2\/types\/product"}],"replies":[{"embeddable":true,"href":"https:\/\/acourtofalsacesart.com\/index.php\/wp-json\/wp\/v2\/comments?post=21688"}],"wp:featuredmedia":[{"embeddable":true,"href":"https:\/\/acourtofalsacesart.com\/index.php\/wp-json\/wp\/v2\/media\/21803"}],"wp:attachment":[{"href":"https:\/\/acourtofalsacesart.com\/index.php\/wp-json\/wp\/v2\/media?parent=21688"}],"wp:term":[{"taxonomy":"product_brand","embeddable":true,"href":"https:\/\/acourtofalsacesart.com\/index.php\/wp-json\/wp\/v2\/product_brand?post=21688"},{"taxonomy":"product_cat","embeddable":true,"href":"https:\/\/acourtofalsacesart.com\/index.php\/wp-json\/wp\/v2\/product_cat?post=21688"},{"taxonomy":"product_tag","embeddable":true,"href":"https:\/\/acourtofalsacesart.com\/index.php\/wp-json\/wp\/v2\/product_tag?post=21688"}],"curies":[{"name":"wp","href":"https:\/\/api.w.org\/{rel}","templated":true}]}}