{"id":21687,"date":"2025-10-09T12:28:55","date_gmt":"2025-10-09T12:28:55","guid":{"rendered":"https:\/\/acourtofalsacesart.com\/?post_type=product&#038;p=21687"},"modified":"2026-03-05T13:08:39","modified_gmt":"2026-03-05T13:08:39","slug":"rumi-jinu-enamel-pin","status":"publish","type":"product","link":"https:\/\/acourtofalsacesart.com\/index.php\/producto\/rumi-jinu-enamel-pin\/","title":{"rendered":"Rumi &#038; Jinu enamel pin."},"content":{"rendered":"<p>&nbsp;<\/p>\n<p><strong>CARACTER\u00cdSTICAS<\/strong>:<\/p>\n<ul>\n<li><strong>Pin met\u00e1lico <\/strong>de 5cm m\u00e1s el extra del colgante.<\/li>\n<\/ul>\n<p>&nbsp;<\/p>\n<p>&nbsp;<\/p>\n","protected":false},"excerpt":{"rendered":"<p>&nbsp; CARACTER\u00cdSTICAS: Pin met\u00e1lico de 5cm m\u00e1s el extra del colgante. &nbsp; &nbsp;<\/p>\n","protected":false},"featured_media":21839,"comment_status":"open","ping_status":"closed","template":"","meta":{"_mo_disable_npp":""},"product_brand":[],"product_cat":[2190,1248,2385],"product_tag":[],"class_list":{"0":"post-21687","1":"product","2":"type-product","3":"status-publish","4":"has-post-thumbnail","6":"product_cat-coleccion-libros-de-fantasia","7":"product_cat-accessories","8":"product_cat-shop-update-2025","10":"first","11":"instock","12":"taxable","13":"shipping-taxable","14":"purchasable","15":"product-type-simple"},"_links":{"self":[{"href":"https:\/\/acourtofalsacesart.com\/index.php\/wp-json\/wp\/v2\/product\/21687","targetHints":{"allow":["GET"]}}],"collection":[{"href":"https:\/\/acourtofalsacesart.com\/index.php\/wp-json\/wp\/v2\/product"}],"about":[{"href":"https:\/\/acourtofalsacesart.com\/index.php\/wp-json\/wp\/v2\/types\/product"}],"replies":[{"embeddable":true,"href":"https:\/\/acourtofalsacesart.com\/index.php\/wp-json\/wp\/v2\/comments?post=21687"}],"wp:featuredmedia":[{"embeddable":true,"href":"https:\/\/acourtofalsacesart.com\/index.php\/wp-json\/wp\/v2\/media\/21839"}],"wp:attachment":[{"href":"https:\/\/acourtofalsacesart.com\/index.php\/wp-json\/wp\/v2\/media?parent=21687"}],"wp:term":[{"taxonomy":"product_brand","embeddable":true,"href":"https:\/\/acourtofalsacesart.com\/index.php\/wp-json\/wp\/v2\/product_brand?post=21687"},{"taxonomy":"product_cat","embeddable":true,"href":"https:\/\/acourtofalsacesart.com\/index.php\/wp-json\/wp\/v2\/product_cat?post=21687"},{"taxonomy":"product_tag","embeddable":true,"href":"https:\/\/acourtofalsacesart.com\/index.php\/wp-json\/wp\/v2\/product_tag?post=21687"}],"curies":[{"name":"wp","href":"https:\/\/api.w.org\/{rel}","templated":true}]}}