{"id":21682,"date":"2025-10-09T12:10:34","date_gmt":"2025-10-09T12:10:34","guid":{"rendered":"https:\/\/acourtofalsacesart.com\/?post_type=product&#038;p=21682"},"modified":"2026-03-11T13:11:08","modified_gmt":"2026-03-11T13:11:08","slug":"evajacks-and-violet-and-xaden-feysand-and-rowaelin-enamel-pins","status":"publish","type":"product","link":"https:\/\/acourtofalsacesart.com\/index.php\/producto\/evajacks-and-violet-and-xaden-feysand-and-rowaelin-enamel-pins\/","title":{"rendered":"Evajacks and Violet and Xaden, Feysand and Rowaelin enamel pins."},"content":{"rendered":"<p>Evajacks, Feysand and Violet and Xaden enamel pins.<\/p>\n<p><strong>CARACTER\u00cdSTICAS<\/strong>:<\/p>\n<ul>\n<li><strong>Pin met\u00e1lico <\/strong>de 5cm m\u00e1s el extra del colgante.<\/li>\n<\/ul>\n","protected":false},"excerpt":{"rendered":"<p>Evajacks, Feysand and Violet and Xaden enamel pins. CARACTER\u00cdSTICAS: Pin met\u00e1lico de 5cm m\u00e1s el extra del colgante.<\/p>\n","protected":false},"featured_media":16327,"comment_status":"open","ping_status":"closed","template":"","meta":{"_mo_disable_npp":""},"product_brand":[],"product_cat":[2172,2173,1248,2385],"product_tag":[],"class_list":{"0":"post-21682","1":"product","2":"type-product","3":"status-publish","4":"has-post-thumbnail","6":"product_cat-coleccion-acotar","7":"product_cat-coleccion-once-upon-a-broken-heart","8":"product_cat-accessories","9":"product_cat-shop-update-2025","11":"first","12":"instock","13":"taxable","14":"shipping-taxable","15":"purchasable","16":"product-type-variable"},"_links":{"self":[{"href":"https:\/\/acourtofalsacesart.com\/index.php\/wp-json\/wp\/v2\/product\/21682","targetHints":{"allow":["GET"]}}],"collection":[{"href":"https:\/\/acourtofalsacesart.com\/index.php\/wp-json\/wp\/v2\/product"}],"about":[{"href":"https:\/\/acourtofalsacesart.com\/index.php\/wp-json\/wp\/v2\/types\/product"}],"replies":[{"embeddable":true,"href":"https:\/\/acourtofalsacesart.com\/index.php\/wp-json\/wp\/v2\/comments?post=21682"}],"wp:featuredmedia":[{"embeddable":true,"href":"https:\/\/acourtofalsacesart.com\/index.php\/wp-json\/wp\/v2\/media\/16327"}],"wp:attachment":[{"href":"https:\/\/acourtofalsacesart.com\/index.php\/wp-json\/wp\/v2\/media?parent=21682"}],"wp:term":[{"taxonomy":"product_brand","embeddable":true,"href":"https:\/\/acourtofalsacesart.com\/index.php\/wp-json\/wp\/v2\/product_brand?post=21682"},{"taxonomy":"product_cat","embeddable":true,"href":"https:\/\/acourtofalsacesart.com\/index.php\/wp-json\/wp\/v2\/product_cat?post=21682"},{"taxonomy":"product_tag","embeddable":true,"href":"https:\/\/acourtofalsacesart.com\/index.php\/wp-json\/wp\/v2\/product_tag?post=21682"}],"curies":[{"name":"wp","href":"https:\/\/api.w.org\/{rel}","templated":true}]}}