{"id":21255,"date":"2025-08-04T17:34:10","date_gmt":"2025-08-04T17:34:10","guid":{"rendered":"https:\/\/acourtofalsacesart.com\/?post_type=product&#038;p=21255"},"modified":"2025-10-18T21:20:21","modified_gmt":"2025-10-18T21:20:21","slug":"bookish-wooden-bookmark-cruel-prince-edition","status":"publish","type":"product","link":"https:\/\/acourtofalsacesart.com\/index.php\/producto\/bookish-wooden-bookmark-cruel-prince-edition\/","title":{"rendered":"Bookish wooden bookmark- Cruel prince edition."},"content":{"rendered":"<p>Colaboraci\u00f3n con \u00bbUn baile en la corte\u00bb<\/p>\n<p>Marcap\u00e1ginas de madera del pr\u00edncipe cruel.<\/p>\n<p>PREORDER: El marcap\u00e1ginas se enviar\u00e1 a finales de Agosto, principios de Septiembre.<\/p>\n","protected":false},"excerpt":{"rendered":"<p>Colaboraci\u00f3n con \u00bbUn baile en la corte\u00bb Marcap\u00e1ginas de madera del pr\u00edncipe cruel. PREORDER: El marcap\u00e1ginas se enviar\u00e1 a finales de Agosto, principios de Septiembre.<\/p>\n","protected":false},"featured_media":21244,"comment_status":"open","ping_status":"closed","template":"","meta":{"_mo_disable_npp":""},"product_brand":[],"product_cat":[28,2190,2378,2336],"product_tag":[],"class_list":{"0":"post-21255","1":"product","2":"type-product","3":"status-publish","4":"has-post-thumbnail","6":"product_cat-bookmarks","7":"product_cat-coleccion-libros-de-fantasia","8":"product_cat-shop-update-agosto-2025","9":"product_cat-shop-update-junio-2025","11":"first","12":"instock","13":"taxable","14":"shipping-taxable","15":"purchasable","16":"product-type-simple"},"_links":{"self":[{"href":"https:\/\/acourtofalsacesart.com\/index.php\/wp-json\/wp\/v2\/product\/21255","targetHints":{"allow":["GET"]}}],"collection":[{"href":"https:\/\/acourtofalsacesart.com\/index.php\/wp-json\/wp\/v2\/product"}],"about":[{"href":"https:\/\/acourtofalsacesart.com\/index.php\/wp-json\/wp\/v2\/types\/product"}],"replies":[{"embeddable":true,"href":"https:\/\/acourtofalsacesart.com\/index.php\/wp-json\/wp\/v2\/comments?post=21255"}],"wp:featuredmedia":[{"embeddable":true,"href":"https:\/\/acourtofalsacesart.com\/index.php\/wp-json\/wp\/v2\/media\/21244"}],"wp:attachment":[{"href":"https:\/\/acourtofalsacesart.com\/index.php\/wp-json\/wp\/v2\/media?parent=21255"}],"wp:term":[{"taxonomy":"product_brand","embeddable":true,"href":"https:\/\/acourtofalsacesart.com\/index.php\/wp-json\/wp\/v2\/product_brand?post=21255"},{"taxonomy":"product_cat","embeddable":true,"href":"https:\/\/acourtofalsacesart.com\/index.php\/wp-json\/wp\/v2\/product_cat?post=21255"},{"taxonomy":"product_tag","embeddable":true,"href":"https:\/\/acourtofalsacesart.com\/index.php\/wp-json\/wp\/v2\/product_tag?post=21255"}],"curies":[{"name":"wp","href":"https:\/\/api.w.org\/{rel}","templated":true}]}}