{"id":21169,"date":"2025-08-04T16:47:00","date_gmt":"2025-08-04T16:47:00","guid":{"rendered":"https:\/\/acourtofalsacesart.com\/?post_type=product&#038;p=21169"},"modified":"2026-01-08T18:43:15","modified_gmt":"2026-01-08T18:43:15","slug":"preorder-totebag-all-over-con-cremallera-y-bolsillo","status":"publish","type":"product","link":"https:\/\/acourtofalsacesart.com\/index.php\/producto\/preorder-totebag-all-over-con-cremallera-y-bolsillo\/","title":{"rendered":"Preorder &#8211; Totebag All-over con cremallera y bolsillo."},"content":{"rendered":"<p>Preorder &#8211; Totebag All-over con cremallera y bolsillo.<\/p>\n<p>Deja en notas qu\u00e9 modelo quieres para la tote, puede ser impresa con un dise\u00f1o diferente en cada cara.<\/p>\n<p><strong>TIEMPO DE PRODUCCI\u00d3N<\/strong>: 2\/5 SEMANAS. Una vez la proveedora me las mande, avisar\u00eda por las stories de Insta y las enviar\u00eda una vez me lleguen.<\/p>\n<p>A ese tiempo, hay que a\u00f1adirle el tiempo de empaquetado y env\u00edo que dependiendo del volumen de trabajo, puede ser de<\/p>\n<p>10 a 18 d\u00edas laborales o menos.<\/p>\n<p><em>No se realizan reembolsos de productos en preventa, ya que es un producto hecho bajo reserva para usted.<\/em><\/p>\n","protected":false},"excerpt":{"rendered":"<p>Preorder &#8211; Totebag All-over con cremallera y bolsillo. Deja en notas qu\u00e9 modelo quieres para la tote, puede ser impresa con un dise\u00f1o diferente en cada cara. TIEMPO DE PRODUCCI\u00d3N: 2\/5 SEMANAS. Una vez la proveedora me las mande, avisar\u00eda por las stories de Insta y las enviar\u00eda una vez [&hellip;]<\/p>\n","protected":false},"featured_media":21237,"comment_status":"open","ping_status":"closed","template":"","meta":{"_mo_disable_npp":""},"product_brand":[],"product_cat":[1294,2190,2173,2378],"product_tag":[],"class_list":{"0":"post-21169","1":"product","2":"type-product","3":"status-publish","4":"has-post-thumbnail","6":"product_cat-booksleeve","7":"product_cat-coleccion-libros-de-fantasia","8":"product_cat-coleccion-once-upon-a-broken-heart","9":"product_cat-shop-update-agosto-2025","11":"first","12":"instock","13":"taxable","14":"shipping-taxable","15":"purchasable","16":"product-type-simple"},"_links":{"self":[{"href":"https:\/\/acourtofalsacesart.com\/index.php\/wp-json\/wp\/v2\/product\/21169","targetHints":{"allow":["GET"]}}],"collection":[{"href":"https:\/\/acourtofalsacesart.com\/index.php\/wp-json\/wp\/v2\/product"}],"about":[{"href":"https:\/\/acourtofalsacesart.com\/index.php\/wp-json\/wp\/v2\/types\/product"}],"replies":[{"embeddable":true,"href":"https:\/\/acourtofalsacesart.com\/index.php\/wp-json\/wp\/v2\/comments?post=21169"}],"wp:featuredmedia":[{"embeddable":true,"href":"https:\/\/acourtofalsacesart.com\/index.php\/wp-json\/wp\/v2\/media\/21237"}],"wp:attachment":[{"href":"https:\/\/acourtofalsacesart.com\/index.php\/wp-json\/wp\/v2\/media?parent=21169"}],"wp:term":[{"taxonomy":"product_brand","embeddable":true,"href":"https:\/\/acourtofalsacesart.com\/index.php\/wp-json\/wp\/v2\/product_brand?post=21169"},{"taxonomy":"product_cat","embeddable":true,"href":"https:\/\/acourtofalsacesart.com\/index.php\/wp-json\/wp\/v2\/product_cat?post=21169"},{"taxonomy":"product_tag","embeddable":true,"href":"https:\/\/acourtofalsacesart.com\/index.php\/wp-json\/wp\/v2\/product_tag?post=21169"}],"curies":[{"name":"wp","href":"https:\/\/api.w.org\/{rel}","templated":true}]}}