{"id":21166,"date":"2025-08-04T16:45:56","date_gmt":"2025-08-04T16:45:56","guid":{"rendered":"https:\/\/acourtofalsacesart.com\/?post_type=product&#038;p=21166"},"modified":"2026-02-28T20:02:58","modified_gmt":"2026-02-28T20:02:58","slug":"nicolas-ginebra-cutie-a-pesar-de-nosotros-y-a-pesar-de-todo-marcapaginas-magnetico","status":"publish","type":"product","link":"https:\/\/acourtofalsacesart.com\/index.php\/producto\/nicolas-ginebra-cutie-a-pesar-de-nosotros-y-a-pesar-de-todo-marcapaginas-magnetico\/","title":{"rendered":"Nicol\u00e1s &#038; Ginebra cutie &#8211; \u00bbA pesar de nosotros\u00bb y \u00bbA pesar de todo\u00bb&#8217;, marcap\u00e1ginas magn\u00e9tico."},"content":{"rendered":"<p>Nicol\u00e1s &amp; Ginebra cutie &#8211; \u00bbA pesar de nosotros\u00bb y \u00bbA pesar de todo\u00bb&#8217;, marcap\u00e1ginas magn\u00e9tico.<\/p>\n<p>&nbsp;<\/p>\n","protected":false},"excerpt":{"rendered":"<p>Nicol\u00e1s &amp; Ginebra cutie &#8211; \u00bbA pesar de nosotros\u00bb y \u00bbA pesar de todo\u00bb&#8217;, marcap\u00e1ginas magn\u00e9tico. &nbsp;<\/p>\n","protected":false},"featured_media":21214,"comment_status":"open","ping_status":"closed","template":"","meta":{"_mo_disable_npp":""},"product_brand":[],"product_cat":[2229,1922,278,2378],"product_tag":[],"class_list":{"0":"post-21166","1":"product","2":"type-product","3":"status-publish","4":"has-post-thumbnail","6":"product_cat-coleccion-libros-de-romance","7":"product_cat-cuties-bookmarks","8":"product_cat-ma","9":"product_cat-shop-update-agosto-2025","11":"first","12":"instock","13":"taxable","14":"shipping-taxable","15":"purchasable","16":"product-type-variable"},"_links":{"self":[{"href":"https:\/\/acourtofalsacesart.com\/index.php\/wp-json\/wp\/v2\/product\/21166","targetHints":{"allow":["GET"]}}],"collection":[{"href":"https:\/\/acourtofalsacesart.com\/index.php\/wp-json\/wp\/v2\/product"}],"about":[{"href":"https:\/\/acourtofalsacesart.com\/index.php\/wp-json\/wp\/v2\/types\/product"}],"replies":[{"embeddable":true,"href":"https:\/\/acourtofalsacesart.com\/index.php\/wp-json\/wp\/v2\/comments?post=21166"}],"wp:featuredmedia":[{"embeddable":true,"href":"https:\/\/acourtofalsacesart.com\/index.php\/wp-json\/wp\/v2\/media\/21214"}],"wp:attachment":[{"href":"https:\/\/acourtofalsacesart.com\/index.php\/wp-json\/wp\/v2\/media?parent=21166"}],"wp:term":[{"taxonomy":"product_brand","embeddable":true,"href":"https:\/\/acourtofalsacesart.com\/index.php\/wp-json\/wp\/v2\/product_brand?post=21166"},{"taxonomy":"product_cat","embeddable":true,"href":"https:\/\/acourtofalsacesart.com\/index.php\/wp-json\/wp\/v2\/product_cat?post=21166"},{"taxonomy":"product_tag","embeddable":true,"href":"https:\/\/acourtofalsacesart.com\/index.php\/wp-json\/wp\/v2\/product_tag?post=21166"}],"curies":[{"name":"wp","href":"https:\/\/api.w.org\/{rel}","templated":true}]}}