{"id":21049,"date":"2025-06-21T15:40:27","date_gmt":"2025-06-21T15:40:27","guid":{"rendered":"https:\/\/acourtofalsacesart.com\/?post_type=product&#038;p=21049"},"modified":"2025-10-27T09:10:26","modified_gmt":"2025-10-27T09:10:26","slug":"a5-notebook-libreta-en-blanco-personalizada","status":"publish","type":"product","link":"https:\/\/acourtofalsacesart.com\/index.php\/producto\/a5-notebook-libreta-en-blanco-personalizada\/","title":{"rendered":"A5  notebook &#8211; Libreta en blanco personalizada."},"content":{"rendered":"<p>A5 notebook &#8211; Libreta en blanco personalizada.<\/p>\n<p>Pod\u00e9is elegir cualquier dise\u00f1o de l\u00e1minas como libreta.<\/p>\n","protected":false},"excerpt":{"rendered":"<p>A5 notebook &#8211; Libreta en blanco personalizada. Pod\u00e9is elegir cualquier dise\u00f1o de l\u00e1minas como libreta.<\/p>\n","protected":false},"featured_media":20976,"comment_status":"open","ping_status":"closed","template":"","meta":{"_mo_disable_npp":""},"product_brand":[],"product_cat":[1772,1267,2336,250],"product_tag":[],"class_list":{"0":"post-21049","1":"product","2":"type-product","3":"status-publish","4":"has-post-thumbnail","6":"product_cat-novedades","7":"product_cat-preventas","8":"product_cat-shop-update-junio-2025","9":"product_cat-stationery","11":"first","12":"instock","13":"taxable","14":"shipping-taxable","15":"purchasable","16":"product-type-simple"},"_links":{"self":[{"href":"https:\/\/acourtofalsacesart.com\/index.php\/wp-json\/wp\/v2\/product\/21049","targetHints":{"allow":["GET"]}}],"collection":[{"href":"https:\/\/acourtofalsacesart.com\/index.php\/wp-json\/wp\/v2\/product"}],"about":[{"href":"https:\/\/acourtofalsacesart.com\/index.php\/wp-json\/wp\/v2\/types\/product"}],"replies":[{"embeddable":true,"href":"https:\/\/acourtofalsacesart.com\/index.php\/wp-json\/wp\/v2\/comments?post=21049"}],"wp:featuredmedia":[{"embeddable":true,"href":"https:\/\/acourtofalsacesart.com\/index.php\/wp-json\/wp\/v2\/media\/20976"}],"wp:attachment":[{"href":"https:\/\/acourtofalsacesart.com\/index.php\/wp-json\/wp\/v2\/media?parent=21049"}],"wp:term":[{"taxonomy":"product_brand","embeddable":true,"href":"https:\/\/acourtofalsacesart.com\/index.php\/wp-json\/wp\/v2\/product_brand?post=21049"},{"taxonomy":"product_cat","embeddable":true,"href":"https:\/\/acourtofalsacesart.com\/index.php\/wp-json\/wp\/v2\/product_cat?post=21049"},{"taxonomy":"product_tag","embeddable":true,"href":"https:\/\/acourtofalsacesart.com\/index.php\/wp-json\/wp\/v2\/product_tag?post=21049"}],"curies":[{"name":"wp","href":"https:\/\/api.w.org\/{rel}","templated":true}]}}