{"id":21026,"date":"2025-06-21T15:18:20","date_gmt":"2025-06-21T15:18:20","guid":{"rendered":"https:\/\/acourtofalsacesart.com\/?post_type=product&#038;p=21026"},"modified":"2025-06-22T19:50:32","modified_gmt":"2025-06-22T19:50:32","slug":"crossover-stich-httyd-as-violet-tairn-plushie","status":"publish","type":"product","link":"https:\/\/acourtofalsacesart.com\/index.php\/producto\/crossover-stich-httyd-as-violet-tairn-plushie\/","title":{"rendered":"Crossover Stich &#038; HTTYD as Violet &#038; Tairn, plushie."},"content":{"rendered":"<p>Crossover Stich &amp; HTTYD as Violet &amp; Tairn, plushie.<\/p>\n<p>Aprox 30cm tall.<\/p>\n<p><strong>Tiempo de producci\u00f3n : 2\/4 semanas aprox.<\/strong><\/p>\n<p>Este es un producto confeccionado bajo pedido, por lo que el tiempo de producci\u00f3n es una aproximaci\u00f3n, apenas me lleguen avisar\u00e9 por insta y por el canal de telegram.<\/p>\n<p>A ese tiempo, hay que a\u00f1adirle el tiempo de empaquetado y env\u00edo que dependiendo del volumen de trabajo, puede ser de<\/p>\n<p>10 a 18 d\u00edas laborales o menos.<\/p>\n<p><em>No se realizan reembolsos de productos en preventa, ya que es un producto hecho bajo reserva para usted.<\/em><\/p>\n","protected":false},"excerpt":{"rendered":"<p>Crossover Stich &amp; HTTYD as Violet &amp; Tairn, plushie. Aprox 30cm tall. Tiempo de producci\u00f3n : 2\/4 semanas aprox. Este es un producto confeccionado bajo pedido, por lo que el tiempo de producci\u00f3n es una aproximaci\u00f3n, apenas me lleguen avisar\u00e9 por insta y por el canal de telegram. A ese [&hellip;]<\/p>\n","protected":false},"featured_media":20899,"comment_status":"open","ping_status":"closed","template":"","meta":{"_mo_disable_npp":""},"product_brand":[],"product_cat":[2174,2190,1774,1267,2336],"product_tag":[],"class_list":{"0":"post-21026","1":"product","2":"type-product","3":"status-publish","4":"has-post-thumbnail","6":"product_cat-coleccion-fourth-wing","7":"product_cat-coleccion-libros-de-fantasia","8":"product_cat-plushies","9":"product_cat-preventas","10":"product_cat-shop-update-junio-2025","12":"first","13":"instock","14":"taxable","15":"shipping-taxable","16":"purchasable","17":"product-type-simple"},"_links":{"self":[{"href":"https:\/\/acourtofalsacesart.com\/index.php\/wp-json\/wp\/v2\/product\/21026","targetHints":{"allow":["GET"]}}],"collection":[{"href":"https:\/\/acourtofalsacesart.com\/index.php\/wp-json\/wp\/v2\/product"}],"about":[{"href":"https:\/\/acourtofalsacesart.com\/index.php\/wp-json\/wp\/v2\/types\/product"}],"replies":[{"embeddable":true,"href":"https:\/\/acourtofalsacesart.com\/index.php\/wp-json\/wp\/v2\/comments?post=21026"}],"wp:featuredmedia":[{"embeddable":true,"href":"https:\/\/acourtofalsacesart.com\/index.php\/wp-json\/wp\/v2\/media\/20899"}],"wp:attachment":[{"href":"https:\/\/acourtofalsacesart.com\/index.php\/wp-json\/wp\/v2\/media?parent=21026"}],"wp:term":[{"taxonomy":"product_brand","embeddable":true,"href":"https:\/\/acourtofalsacesart.com\/index.php\/wp-json\/wp\/v2\/product_brand?post=21026"},{"taxonomy":"product_cat","embeddable":true,"href":"https:\/\/acourtofalsacesart.com\/index.php\/wp-json\/wp\/v2\/product_cat?post=21026"},{"taxonomy":"product_tag","embeddable":true,"href":"https:\/\/acourtofalsacesart.com\/index.php\/wp-json\/wp\/v2\/product_tag?post=21026"}],"curies":[{"name":"wp","href":"https:\/\/api.w.org\/{rel}","templated":true}]}}