{"id":21017,"date":"2025-06-21T15:08:16","date_gmt":"2025-06-21T15:08:16","guid":{"rendered":"https:\/\/acourtofalsacesart.com\/?post_type=product&#038;p=21017"},"modified":"2025-07-06T13:55:59","modified_gmt":"2025-07-06T13:55:59","slug":"pack-crossover-stich-httyd","status":"publish","type":"product","link":"https:\/\/acourtofalsacesart.com\/index.php\/producto\/pack-crossover-stich-httyd\/","title":{"rendered":"Pack Crossover Stich &#038; HTTYD."},"content":{"rendered":"<p>Pack Crossover Stich &amp; HTTYD.<\/p>\n<p>Incluye:<\/p>\n<ul>\n<li>x1 Funda C\u00f3mo entrenar a tu drag\u00f3n.<\/li>\n<li>x1 L\u00e1mina A5 C\u00f3mo entrenar a tu drag\u00f3n.<\/li>\n<li>x1 Marca magn\u00e9tico Stitch y Desdentao.<\/li>\n<\/ul>\n","protected":false},"excerpt":{"rendered":"<p>Pack Crossover Stich &amp; HTTYD. Incluye: x1 Funda C\u00f3mo entrenar a tu drag\u00f3n. x1 L\u00e1mina A5 C\u00f3mo entrenar a tu drag\u00f3n. x1 Marca magn\u00e9tico Stitch y Desdentao.<\/p>\n","protected":false},"featured_media":21010,"comment_status":"open","ping_status":"closed","template":"","meta":{"_mo_disable_npp":""},"product_brand":[],"product_cat":[28,1772,148,2336],"product_tag":[],"class_list":{"0":"post-21017","1":"product","2":"type-product","3":"status-publish","4":"has-post-thumbnail","6":"product_cat-bookmarks","7":"product_cat-novedades","8":"product_cat-prints","9":"product_cat-shop-update-junio-2025","11":"first","12":"instock","13":"taxable","14":"shipping-taxable","15":"purchasable","16":"product-type-simple"},"_links":{"self":[{"href":"https:\/\/acourtofalsacesart.com\/index.php\/wp-json\/wp\/v2\/product\/21017","targetHints":{"allow":["GET"]}}],"collection":[{"href":"https:\/\/acourtofalsacesart.com\/index.php\/wp-json\/wp\/v2\/product"}],"about":[{"href":"https:\/\/acourtofalsacesart.com\/index.php\/wp-json\/wp\/v2\/types\/product"}],"replies":[{"embeddable":true,"href":"https:\/\/acourtofalsacesart.com\/index.php\/wp-json\/wp\/v2\/comments?post=21017"}],"wp:featuredmedia":[{"embeddable":true,"href":"https:\/\/acourtofalsacesart.com\/index.php\/wp-json\/wp\/v2\/media\/21010"}],"wp:attachment":[{"href":"https:\/\/acourtofalsacesart.com\/index.php\/wp-json\/wp\/v2\/media?parent=21017"}],"wp:term":[{"taxonomy":"product_brand","embeddable":true,"href":"https:\/\/acourtofalsacesart.com\/index.php\/wp-json\/wp\/v2\/product_brand?post=21017"},{"taxonomy":"product_cat","embeddable":true,"href":"https:\/\/acourtofalsacesart.com\/index.php\/wp-json\/wp\/v2\/product_cat?post=21017"},{"taxonomy":"product_tag","embeddable":true,"href":"https:\/\/acourtofalsacesart.com\/index.php\/wp-json\/wp\/v2\/product_tag?post=21017"}],"curies":[{"name":"wp","href":"https:\/\/api.w.org\/{rel}","templated":true}]}}