{"id":20932,"date":"2025-06-21T14:47:02","date_gmt":"2025-06-21T14:47:02","guid":{"rendered":"https:\/\/acourtofalsacesart.com\/?post_type=product&#038;p=20932"},"modified":"2026-02-15T17:10:04","modified_gmt":"2026-02-15T17:10:04","slug":"binding-13-e-reader-insert-insert-para-lector-digital-y-marcapaginas-tradicional","status":"publish","type":"product","link":"https:\/\/acourtofalsacesart.com\/index.php\/producto\/binding-13-e-reader-insert-insert-para-lector-digital-y-marcapaginas-tradicional\/","title":{"rendered":"Binding 13 , E-reader insert &#038; Bookmark"},"content":{"rendered":"<p>Binding 13 , E-reader insert &#8211; Insert para lector digital y marcap\u00e1ginas tradicional.<\/p>\n<p><strong>IMPORTANTE: DEJAD EN LAS NOTAS LAS MEDIDAS DE TU KINDLE\/KONO<\/strong><\/p>\n<p><strong><em>Tomad bien las medidas ya que si yo no tengo las medidas, no puedo confirmar su tama\u00f1o y<\/em><\/strong><\/p>\n<p><strong><em> en caso de equivocaci\u00f3n del env\u00edo de las medidas, por parte del cliente, <\/em><\/strong><\/p>\n<p><strong><em>no se reembolsar\u00eda ni rehar\u00eda sin costos extras.<\/em><\/strong><\/p>\n<p>El marcap\u00e1ginas incluye un c\u00f3digo que te llevar\u00e1 a una lista de canciones de Spotify mencionadas en Binding 13.<\/p>\n","protected":false},"excerpt":{"rendered":"<p>Binding 13 , E-reader insert &#8211; Insert para lector digital y marcap\u00e1ginas tradicional. IMPORTANTE: DEJAD EN LAS NOTAS LAS MEDIDAS DE TU KINDLE\/KONO Tomad bien las medidas ya que si yo no tengo las medidas, no puedo confirmar su tama\u00f1o y en caso de equivocaci\u00f3n del env\u00edo de las medidas, [&hellip;]<\/p>\n","protected":false},"featured_media":20888,"comment_status":"open","ping_status":"closed","template":"","meta":{"_mo_disable_npp":""},"product_brand":[],"product_cat":[28,2352,2229,1772,2205,1267,148,2336],"product_tag":[],"class_list":{"0":"post-20932","1":"product","2":"type-product","3":"status-publish","4":"has-post-thumbnail","6":"product_cat-bookmarks","7":"product_cat-coleccion-chicos-de-tommen","8":"product_cat-coleccion-libros-de-romance","9":"product_cat-novedades","10":"product_cat-overlays","11":"product_cat-preventas","12":"product_cat-prints","13":"product_cat-shop-update-junio-2025","15":"first","16":"instock","17":"taxable","18":"shipping-taxable","19":"purchasable","20":"product-type-variable"},"_links":{"self":[{"href":"https:\/\/acourtofalsacesart.com\/index.php\/wp-json\/wp\/v2\/product\/20932","targetHints":{"allow":["GET"]}}],"collection":[{"href":"https:\/\/acourtofalsacesart.com\/index.php\/wp-json\/wp\/v2\/product"}],"about":[{"href":"https:\/\/acourtofalsacesart.com\/index.php\/wp-json\/wp\/v2\/types\/product"}],"replies":[{"embeddable":true,"href":"https:\/\/acourtofalsacesart.com\/index.php\/wp-json\/wp\/v2\/comments?post=20932"}],"wp:featuredmedia":[{"embeddable":true,"href":"https:\/\/acourtofalsacesart.com\/index.php\/wp-json\/wp\/v2\/media\/20888"}],"wp:attachment":[{"href":"https:\/\/acourtofalsacesart.com\/index.php\/wp-json\/wp\/v2\/media?parent=20932"}],"wp:term":[{"taxonomy":"product_brand","embeddable":true,"href":"https:\/\/acourtofalsacesart.com\/index.php\/wp-json\/wp\/v2\/product_brand?post=20932"},{"taxonomy":"product_cat","embeddable":true,"href":"https:\/\/acourtofalsacesart.com\/index.php\/wp-json\/wp\/v2\/product_cat?post=20932"},{"taxonomy":"product_tag","embeddable":true,"href":"https:\/\/acourtofalsacesart.com\/index.php\/wp-json\/wp\/v2\/product_tag?post=20932"}],"curies":[{"name":"wp","href":"https:\/\/api.w.org\/{rel}","templated":true}]}}