{"id":20851,"date":"2025-06-21T18:36:12","date_gmt":"2025-06-21T18:36:12","guid":{"rendered":"https:\/\/acourtofalsacesart.com\/?post_type=product&#038;p=20851"},"modified":"2026-02-21T22:38:45","modified_gmt":"2026-02-21T22:38:45","slug":"in-my-romantasy-era-collection-bookish-album-pencilcase-more","status":"publish","type":"product","link":"https:\/\/acourtofalsacesart.com\/index.php\/producto\/in-my-romantasy-era-collection-bookish-album-pencilcase-more\/","title":{"rendered":"In my Romantasy Era collection : Bookish album, pencilcase &#038; more."},"content":{"rendered":"<p><em><strong>IMPORTANTE:<\/strong><\/em><\/p>\n<ul>\n<li>Se puede conseguir el \u00e1lbum<strong> con y sin <\/strong>fundas.<\/li>\n<li><em>Hay un <strong>\u00e1lbum est\u00e1ndar<\/strong> que incluye :<\/em> 10 fundas para A5\u00a0 (Caben 20 l\u00e1minas A5), 10 fundas para marcas tradicionales (Caben 40 tickets\/marcap\u00e1ginas), 10 fundas para Cartas del tarot (Caben 40 cartas del tarot), 10 fundas para marcas magn\u00e9ticos (Tiene 80 huecos) y una funda con cremallera perfecta para guardar los post-its, y m\u00e1s cosillas.<\/li>\n<li><em>Hay un \u00e1lbum personalizable con la opci\u00f3n de a\u00f1adir las fundas aparte.\u00a0<\/em><\/li>\n<li><em>Hay un pack que incluye :<\/em> Totebag Romantasy, \u00e1lbum est\u00e1ndar con fundas, el estuche hologr\u00e1fico con x1 boli borrable, x1 subrayador con glitter y x1 subrayador borrable (colores elegidos al azar) m\u00e1s una tira de post-its.<\/li>\n<li><em>Se pueden conseguir las fundas a parte,<\/em> en caso de querer pedir m\u00e1s de 100 fundas escribidme primero para haceros precio \ud83d\ude42<\/li>\n<\/ul>\n<p><strong>Tiempo de producci\u00f3n : 2\/4 semanas aprox.<\/strong><\/p>\n<p>Este es un producto confeccionado bajo pedido, por lo que el tiempo de producci\u00f3n es una aproximaci\u00f3n, apenas me lleguen avisar\u00e9 por insta y por el canal de telegram.<\/p>\n<p>A ese tiempo, hay que a\u00f1adirle el tiempo de empaquetado y env\u00edo que dependiendo del volumen de trabajo, puede ser de<\/p>\n<p>10 a 18 d\u00edas laborales o menos.<\/p>\n<p><em>No se realizan reembolsos de productos en preventa, ya que es un producto hecho bajo reserva para usted.<\/em><\/p>\n","protected":false},"excerpt":{"rendered":"<p>IMPORTANTE: Se puede conseguir el \u00e1lbum con y sin fundas. Hay un \u00e1lbum est\u00e1ndar que incluye : 10 fundas para A5\u00a0 (Caben 20 l\u00e1minas A5), 10 fundas para marcas tradicionales (Caben 40 tickets\/marcap\u00e1ginas), 10 fundas para Cartas del tarot (Caben 40 cartas del tarot), 10 fundas para marcas magn\u00e9ticos (Tiene [&hellip;]<\/p>\n","protected":false},"featured_media":20858,"comment_status":"open","ping_status":"closed","template":"","meta":{"_mo_disable_npp":""},"product_brand":[],"product_cat":[28,2349,278,1267,148,2336],"product_tag":[],"class_list":{"0":"post-20851","1":"product","2":"type-product","3":"status-publish","4":"has-post-thumbnail","6":"product_cat-bookmarks","7":"product_cat-in-my-romantasy-era","8":"product_cat-ma","9":"product_cat-preventas","10":"product_cat-prints","11":"product_cat-shop-update-junio-2025","13":"first","14":"instock","15":"taxable","16":"shipping-taxable","17":"purchasable","18":"product-type-variable"},"_links":{"self":[{"href":"https:\/\/acourtofalsacesart.com\/index.php\/wp-json\/wp\/v2\/product\/20851","targetHints":{"allow":["GET"]}}],"collection":[{"href":"https:\/\/acourtofalsacesart.com\/index.php\/wp-json\/wp\/v2\/product"}],"about":[{"href":"https:\/\/acourtofalsacesart.com\/index.php\/wp-json\/wp\/v2\/types\/product"}],"replies":[{"embeddable":true,"href":"https:\/\/acourtofalsacesart.com\/index.php\/wp-json\/wp\/v2\/comments?post=20851"}],"wp:featuredmedia":[{"embeddable":true,"href":"https:\/\/acourtofalsacesart.com\/index.php\/wp-json\/wp\/v2\/media\/20858"}],"wp:attachment":[{"href":"https:\/\/acourtofalsacesart.com\/index.php\/wp-json\/wp\/v2\/media?parent=20851"}],"wp:term":[{"taxonomy":"product_brand","embeddable":true,"href":"https:\/\/acourtofalsacesart.com\/index.php\/wp-json\/wp\/v2\/product_brand?post=20851"},{"taxonomy":"product_cat","embeddable":true,"href":"https:\/\/acourtofalsacesart.com\/index.php\/wp-json\/wp\/v2\/product_cat?post=20851"},{"taxonomy":"product_tag","embeddable":true,"href":"https:\/\/acourtofalsacesart.com\/index.php\/wp-json\/wp\/v2\/product_tag?post=20851"}],"curies":[{"name":"wp","href":"https:\/\/api.w.org\/{rel}","templated":true}]}}