{"id":20757,"date":"2025-05-19T18:49:16","date_gmt":"2025-05-19T18:49:16","guid":{"rendered":"https:\/\/acourtofalsacesart.com\/?post_type=product&#038;p=20757"},"modified":"2026-03-18T22:05:10","modified_gmt":"2026-03-18T22:05:10","slug":"e-reader-custom-insert-insert-para-lector-digital-personalizable","status":"publish","type":"product","link":"https:\/\/acourtofalsacesart.com\/index.php\/producto\/e-reader-custom-insert-insert-para-lector-digital-personalizable\/","title":{"rendered":"E-reader custom insert &#8211; Insert para lector digital personalizable."},"content":{"rendered":"<p>Kindle\/ Kobo insert personalizado.<\/p>\n<p><strong>IMPORTANTE: DEJAD EN LAS NOTAS QU\u00c9 DISE\u00d1O QUER\u00c9IS Y LAS MEDIDAS DE TU KINDLE\/KONO<\/strong><\/p>\n<p><strong><em>Tomad bien las medidas ya que si yo no tengo las medidas, no puedo confirmar su tama\u00f1o y<\/em><\/strong><\/p>\n<p><strong><em> en caso de equivocaci\u00f3n del env\u00edo de las medidas, por parte del cliente, <\/em><\/strong><\/p>\n<p><strong><em>no se reembolsar\u00eda ni rehar\u00eda sin costos extras.<\/em><\/strong><\/p>\n<p>Esto es una preventa, por lo que se enviar\u00e1 en 2\/4 semanas aprox.<\/p>\n<p>Se puede personalizar con cualquier dise\u00f1o del cat\u00e1logo y se le pueden a\u00f1adir chibis o alg\u00fan elemento m\u00e1s al dise\u00f1o.<\/p>\n<p>Si buscas un dise\u00f1o personalizado de 0, consulta nuestros encargos personalizados via DM o mail.<\/p>\n<p><strong>Cualquier duda, la responder\u00e9 por mail, o DM.\u00a0<\/strong><\/p>\n","protected":false},"excerpt":{"rendered":"<p>Kindle\/ Kobo insert personalizado. IMPORTANTE: DEJAD EN LAS NOTAS QU\u00c9 DISE\u00d1O QUER\u00c9IS Y LAS MEDIDAS DE TU KINDLE\/KONO Tomad bien las medidas ya que si yo no tengo las medidas, no puedo confirmar su tama\u00f1o y en caso de equivocaci\u00f3n del env\u00edo de las medidas, por parte del cliente, no [&hellip;]<\/p>\n","protected":false},"featured_media":20661,"comment_status":"open","ping_status":"closed","template":"","meta":{"_mo_disable_npp":""},"product_brand":[],"product_cat":[2182,1772,2205,1267,2297],"product_tag":[],"class_list":{"0":"post-20757","1":"product","2":"type-product","3":"status-publish","4":"has-post-thumbnail","6":"product_cat-coleccion-personalizable","7":"product_cat-novedades","8":"product_cat-overlays","9":"product_cat-preventas","10":"product_cat-shop-update-mayo-2025","12":"first","13":"instock","14":"taxable","15":"shipping-taxable","16":"purchasable","17":"product-type-simple"},"_links":{"self":[{"href":"https:\/\/acourtofalsacesart.com\/index.php\/wp-json\/wp\/v2\/product\/20757","targetHints":{"allow":["GET"]}}],"collection":[{"href":"https:\/\/acourtofalsacesart.com\/index.php\/wp-json\/wp\/v2\/product"}],"about":[{"href":"https:\/\/acourtofalsacesart.com\/index.php\/wp-json\/wp\/v2\/types\/product"}],"replies":[{"embeddable":true,"href":"https:\/\/acourtofalsacesart.com\/index.php\/wp-json\/wp\/v2\/comments?post=20757"}],"wp:featuredmedia":[{"embeddable":true,"href":"https:\/\/acourtofalsacesart.com\/index.php\/wp-json\/wp\/v2\/media\/20661"}],"wp:attachment":[{"href":"https:\/\/acourtofalsacesart.com\/index.php\/wp-json\/wp\/v2\/media?parent=20757"}],"wp:term":[{"taxonomy":"product_brand","embeddable":true,"href":"https:\/\/acourtofalsacesart.com\/index.php\/wp-json\/wp\/v2\/product_brand?post=20757"},{"taxonomy":"product_cat","embeddable":true,"href":"https:\/\/acourtofalsacesart.com\/index.php\/wp-json\/wp\/v2\/product_cat?post=20757"},{"taxonomy":"product_tag","embeddable":true,"href":"https:\/\/acourtofalsacesart.com\/index.php\/wp-json\/wp\/v2\/product_tag?post=20757"}],"curies":[{"name":"wp","href":"https:\/\/api.w.org\/{rel}","templated":true}]}}