{"id":20706,"date":"2025-05-19T18:27:00","date_gmt":"2025-05-19T18:27:00","guid":{"rendered":"https:\/\/acourtofalsacesart.com\/?post_type=product&#038;p=20706"},"modified":"2026-02-14T23:00:11","modified_gmt":"2026-02-14T23:00:11","slug":"powerless-recovery-kit-merch-box","status":"publish","type":"product","link":"https:\/\/acourtofalsacesart.com\/index.php\/producto\/powerless-recovery-kit-merch-box\/","title":{"rendered":"Powerless: Recovery Kit, merch box."},"content":{"rendered":"<p>&nbsp;<\/p>\n<p><strong>\u00bfQU\u00c9 CONTIENE LA CAJITA?<\/strong><\/p>\n<ul>\n<li>Plushie a elegir entre llavero de 13cm o mini coj\u00edn de 20cm de Paedyn.<\/li>\n<li>L\u00e1mina A5 de Kai y Pae dise\u00f1ada por Phadme.<\/li>\n<li>Marca tradicional dise\u00f1ado por Phadme.<\/li>\n<li>Cartas tarot x3 UD. Adena, Mak y Kai.<\/li>\n<li>Marca magn\u00e9tico con dise\u00f1o nuevo.<\/li>\n<\/ul>\n<ul><\/ul>\n<ul><\/ul>\n<ul><\/ul>\n<p>Se enviar\u00e1 en 4\/6 semanas, o apenas me lleguen los productos.<\/p>\n","protected":false},"excerpt":{"rendered":"<p>&nbsp; \u00bfQU\u00c9 CONTIENE LA CAJITA? Plushie a elegir entre llavero de 13cm o mini coj\u00edn de 20cm de Paedyn. L\u00e1mina A5 de Kai y Pae dise\u00f1ada por Phadme. Marca tradicional dise\u00f1ado por Phadme. Cartas tarot x3 UD. Adena, Mak y Kai. Marca magn\u00e9tico con dise\u00f1o nuevo. Se enviar\u00e1 en 4\/6 [&hellip;]<\/p>\n","protected":false},"featured_media":20777,"comment_status":"open","ping_status":"closed","template":"","meta":{"_mo_disable_npp":""},"product_brand":[],"product_cat":[1691,2190,1772,1267,2297],"product_tag":[],"class_list":{"0":"post-20706","1":"product","2":"type-product","3":"status-publish","4":"has-post-thumbnail","6":"product_cat-cajas-tematicas","7":"product_cat-coleccion-libros-de-fantasia","8":"product_cat-novedades","9":"product_cat-preventas","10":"product_cat-shop-update-mayo-2025","12":"first","13":"instock","14":"taxable","15":"shipping-taxable","16":"purchasable","17":"product-type-simple"},"_links":{"self":[{"href":"https:\/\/acourtofalsacesart.com\/index.php\/wp-json\/wp\/v2\/product\/20706","targetHints":{"allow":["GET"]}}],"collection":[{"href":"https:\/\/acourtofalsacesart.com\/index.php\/wp-json\/wp\/v2\/product"}],"about":[{"href":"https:\/\/acourtofalsacesart.com\/index.php\/wp-json\/wp\/v2\/types\/product"}],"replies":[{"embeddable":true,"href":"https:\/\/acourtofalsacesart.com\/index.php\/wp-json\/wp\/v2\/comments?post=20706"}],"wp:featuredmedia":[{"embeddable":true,"href":"https:\/\/acourtofalsacesart.com\/index.php\/wp-json\/wp\/v2\/media\/20777"}],"wp:attachment":[{"href":"https:\/\/acourtofalsacesart.com\/index.php\/wp-json\/wp\/v2\/media?parent=20706"}],"wp:term":[{"taxonomy":"product_brand","embeddable":true,"href":"https:\/\/acourtofalsacesart.com\/index.php\/wp-json\/wp\/v2\/product_brand?post=20706"},{"taxonomy":"product_cat","embeddable":true,"href":"https:\/\/acourtofalsacesart.com\/index.php\/wp-json\/wp\/v2\/product_cat?post=20706"},{"taxonomy":"product_tag","embeddable":true,"href":"https:\/\/acourtofalsacesart.com\/index.php\/wp-json\/wp\/v2\/product_tag?post=20706"}],"curies":[{"name":"wp","href":"https:\/\/api.w.org\/{rel}","templated":true}]}}