{"id":20684,"date":"2025-05-19T18:06:25","date_gmt":"2025-05-19T18:06:25","guid":{"rendered":"https:\/\/acourtofalsacesart.com\/?post_type=product&#038;p=20684"},"modified":"2025-12-10T09:16:59","modified_gmt":"2025-12-10T09:16:59","slug":"nesta-archeron-kintsugi-hand-embelished-collection","status":"publish","type":"product","link":"https:\/\/acourtofalsacesart.com\/index.php\/producto\/nesta-archeron-kintsugi-hand-embelished-collection\/","title":{"rendered":"Nesta Archeron &#8211; Kintsugi, hand embelished collection."},"content":{"rendered":"<p>Nesta Archeron &#8211; Kintsugi, hand embelished collection.<\/p>\n<p>Esta l\u00e1mina forma parte de una colecci\u00f3n con stock limitado que ir\u00e9 reponiendo en cada update mensual en caso de que se agote.<\/p>\n<p>Las l\u00e1minas ir\u00e1n numeradas y firmadas, si las quer\u00e9is dedicadas pod\u00e9is dej\u00e1rmelo en notas \ud83d\ude42<\/p>\n<p>Van decoradas a mano con pan de oro y en caso de escoger la segunda opci\u00f3n con acuarelas perladas.<\/p>\n<p>Es un producto tratado a mano, por lo que pueden haber m\u00ednimas imperfecciones, y no habr\u00e1n dos iguales.<\/p>\n<p>Mide : 17,5 x 24,5cm y tiene acabado rugoso.<\/p>\n","protected":false},"excerpt":{"rendered":"<p>Nesta Archeron &#8211; Kintsugi, hand embelished collection. Esta l\u00e1mina forma parte de una colecci\u00f3n con stock limitado que ir\u00e9 reponiendo en cada update mensual en caso de que se agote. Las l\u00e1minas ir\u00e1n numeradas y firmadas, si las quer\u00e9is dedicadas pod\u00e9is dej\u00e1rmelo en notas \ud83d\ude42 Van decoradas a mano con [&hellip;]<\/p>\n","protected":false},"featured_media":20679,"comment_status":"open","ping_status":"closed","template":"","meta":{"_mo_disable_npp":""},"product_brand":[],"product_cat":[2172,1772,148,2297],"product_tag":[],"class_list":{"0":"post-20684","1":"product","2":"type-product","3":"status-publish","4":"has-post-thumbnail","6":"product_cat-coleccion-acotar","7":"product_cat-novedades","8":"product_cat-prints","9":"product_cat-shop-update-mayo-2025","11":"first","12":"instock","13":"taxable","14":"shipping-taxable","15":"purchasable","16":"product-type-variable"},"_links":{"self":[{"href":"https:\/\/acourtofalsacesart.com\/index.php\/wp-json\/wp\/v2\/product\/20684","targetHints":{"allow":["GET"]}}],"collection":[{"href":"https:\/\/acourtofalsacesart.com\/index.php\/wp-json\/wp\/v2\/product"}],"about":[{"href":"https:\/\/acourtofalsacesart.com\/index.php\/wp-json\/wp\/v2\/types\/product"}],"replies":[{"embeddable":true,"href":"https:\/\/acourtofalsacesart.com\/index.php\/wp-json\/wp\/v2\/comments?post=20684"}],"wp:featuredmedia":[{"embeddable":true,"href":"https:\/\/acourtofalsacesart.com\/index.php\/wp-json\/wp\/v2\/media\/20679"}],"wp:attachment":[{"href":"https:\/\/acourtofalsacesart.com\/index.php\/wp-json\/wp\/v2\/media?parent=20684"}],"wp:term":[{"taxonomy":"product_brand","embeddable":true,"href":"https:\/\/acourtofalsacesart.com\/index.php\/wp-json\/wp\/v2\/product_brand?post=20684"},{"taxonomy":"product_cat","embeddable":true,"href":"https:\/\/acourtofalsacesart.com\/index.php\/wp-json\/wp\/v2\/product_cat?post=20684"},{"taxonomy":"product_tag","embeddable":true,"href":"https:\/\/acourtofalsacesart.com\/index.php\/wp-json\/wp\/v2\/product_tag?post=20684"}],"curies":[{"name":"wp","href":"https:\/\/api.w.org\/{rel}","templated":true}]}}