{"id":20357,"date":"2025-04-14T18:02:36","date_gmt":"2025-04-14T18:02:36","guid":{"rendered":"https:\/\/acourtofalsacesart.com\/?post_type=product&#038;p=20357"},"modified":"2026-04-14T08:42:26","modified_gmt":"2026-04-14T08:42:26","slug":"saeris-and-fisher-quicksilver-deluxe-pin","status":"publish","type":"product","link":"https:\/\/acourtofalsacesart.com\/index.php\/producto\/saeris-and-fisher-quicksilver-deluxe-pin\/","title":{"rendered":"Saeris and Fisher, Quicksilver deluxe pin."},"content":{"rendered":"<p><strong>CARACTER\u00cdSTICAS<\/strong>:<\/p>\n<ul>\n<li><strong>Pin met\u00e1lico <\/strong>de 5cm m\u00e1s el extra del colgante.<\/li>\n<\/ul>\n<p>&nbsp;<\/p>\n","protected":false},"excerpt":{"rendered":"<p>CARACTER\u00cdSTICAS: Pin met\u00e1lico de 5cm m\u00e1s el extra del colgante. &nbsp;<\/p>\n","protected":false},"featured_media":20447,"comment_status":"open","ping_status":"closed","template":"","meta":{"_mo_disable_npp":""},"product_brand":[],"product_cat":[2230,1248,2274],"product_tag":[],"class_list":{"0":"post-20357","1":"product","2":"type-product","3":"status-publish","4":"has-post-thumbnail","6":"product_cat-coleccion-quicksilver","7":"product_cat-accessories","8":"product_cat-shop-update-abril-2025","10":"first","11":"instock","12":"taxable","13":"shipping-taxable","14":"purchasable","15":"product-type-simple"},"_links":{"self":[{"href":"https:\/\/acourtofalsacesart.com\/index.php\/wp-json\/wp\/v2\/product\/20357","targetHints":{"allow":["GET"]}}],"collection":[{"href":"https:\/\/acourtofalsacesart.com\/index.php\/wp-json\/wp\/v2\/product"}],"about":[{"href":"https:\/\/acourtofalsacesart.com\/index.php\/wp-json\/wp\/v2\/types\/product"}],"replies":[{"embeddable":true,"href":"https:\/\/acourtofalsacesart.com\/index.php\/wp-json\/wp\/v2\/comments?post=20357"}],"wp:featuredmedia":[{"embeddable":true,"href":"https:\/\/acourtofalsacesart.com\/index.php\/wp-json\/wp\/v2\/media\/20447"}],"wp:attachment":[{"href":"https:\/\/acourtofalsacesart.com\/index.php\/wp-json\/wp\/v2\/media?parent=20357"}],"wp:term":[{"taxonomy":"product_brand","embeddable":true,"href":"https:\/\/acourtofalsacesart.com\/index.php\/wp-json\/wp\/v2\/product_brand?post=20357"},{"taxonomy":"product_cat","embeddable":true,"href":"https:\/\/acourtofalsacesart.com\/index.php\/wp-json\/wp\/v2\/product_cat?post=20357"},{"taxonomy":"product_tag","embeddable":true,"href":"https:\/\/acourtofalsacesart.com\/index.php\/wp-json\/wp\/v2\/product_tag?post=20357"}],"curies":[{"name":"wp","href":"https:\/\/api.w.org\/{rel}","templated":true}]}}