{"id":20340,"date":"2025-04-14T17:56:07","date_gmt":"2025-04-14T17:56:07","guid":{"rendered":"https:\/\/acourtofalsacesart.com\/?post_type=product&#038;p=20340"},"modified":"2026-04-01T21:30:09","modified_gmt":"2026-04-01T21:30:09","slug":"fundas-de-libro-bookish-mix","status":"publish","type":"product","link":"https:\/\/acourtofalsacesart.com\/index.php\/producto\/fundas-de-libro-bookish-mix\/","title":{"rendered":"Fundas de libro bookish mix."},"content":{"rendered":"<p><strong>IMPORTANTE:<\/strong><\/p>\n<p><strong>Estar\u00e1 el apartado en stock y el apartado preventa.\u00a0<\/strong><\/p>\n<p>Las que aparecen como en stock es que hay disponibles, si no queda stock, pod\u00e9is pedir ese dise\u00f1o o cualquier otro en preventa, tanto en este anuncio, como en el de las preventas de las fundas. El que prefir\u00e1is.<\/p>\n<p>Cualquier duda, pod\u00e9is mandarme un DM o enviarme un mail.<\/p>\n<p><strong>Fundas de libro, de 24x28cm.<\/strong><\/p>\n<p>Impresas a doble cara, con cierre de lazo.<\/p>\n<p>Entran perfectamente libros grandes, como Ciudad Medialuna, tanto en la edici\u00f3n espa\u00f1ola, como en la inglesa &#8211; en tapa dura.<\/p>\n<p>&nbsp;<\/p>\n","protected":false},"excerpt":{"rendered":"<p>IMPORTANTE: Estar\u00e1 el apartado en stock y el apartado preventa.\u00a0 Las que aparecen como en stock es que hay disponibles, si no queda stock, pod\u00e9is pedir ese dise\u00f1o o cualquier otro en preventa, tanto en este anuncio, como en el de las preventas de las fundas. El que prefir\u00e1is. Cualquier [&hellip;]<\/p>\n","protected":false},"featured_media":20352,"comment_status":"open","ping_status":"closed","template":"","meta":{"_mo_disable_npp":""},"product_brand":[],"product_cat":[1294,2174,2190,2172,2173,2182,2274],"product_tag":[],"class_list":{"0":"post-20340","1":"product","2":"type-product","3":"status-publish","4":"has-post-thumbnail","6":"product_cat-booksleeve","7":"product_cat-coleccion-fourth-wing","8":"product_cat-coleccion-libros-de-fantasia","9":"product_cat-coleccion-acotar","10":"product_cat-coleccion-once-upon-a-broken-heart","11":"product_cat-coleccion-personalizable","12":"product_cat-shop-update-abril-2025","14":"first","15":"instock","16":"taxable","17":"shipping-taxable","18":"purchasable","19":"product-type-variable"},"_links":{"self":[{"href":"https:\/\/acourtofalsacesart.com\/index.php\/wp-json\/wp\/v2\/product\/20340","targetHints":{"allow":["GET"]}}],"collection":[{"href":"https:\/\/acourtofalsacesart.com\/index.php\/wp-json\/wp\/v2\/product"}],"about":[{"href":"https:\/\/acourtofalsacesart.com\/index.php\/wp-json\/wp\/v2\/types\/product"}],"replies":[{"embeddable":true,"href":"https:\/\/acourtofalsacesart.com\/index.php\/wp-json\/wp\/v2\/comments?post=20340"}],"wp:featuredmedia":[{"embeddable":true,"href":"https:\/\/acourtofalsacesart.com\/index.php\/wp-json\/wp\/v2\/media\/20352"}],"wp:attachment":[{"href":"https:\/\/acourtofalsacesart.com\/index.php\/wp-json\/wp\/v2\/media?parent=20340"}],"wp:term":[{"taxonomy":"product_brand","embeddable":true,"href":"https:\/\/acourtofalsacesart.com\/index.php\/wp-json\/wp\/v2\/product_brand?post=20340"},{"taxonomy":"product_cat","embeddable":true,"href":"https:\/\/acourtofalsacesart.com\/index.php\/wp-json\/wp\/v2\/product_cat?post=20340"},{"taxonomy":"product_tag","embeddable":true,"href":"https:\/\/acourtofalsacesart.com\/index.php\/wp-json\/wp\/v2\/product_tag?post=20340"}],"curies":[{"name":"wp","href":"https:\/\/api.w.org\/{rel}","templated":true}]}}