{"id":20066,"date":"2025-02-15T19:23:10","date_gmt":"2025-02-15T19:23:10","guid":{"rendered":"https:\/\/acourtofalsacesart.com\/?post_type=product&#038;p=20066"},"modified":"2025-12-31T11:51:50","modified_gmt":"2025-12-31T11:51:50","slug":"reading-journal-modelo-ouabh","status":"publish","type":"product","link":"https:\/\/acourtofalsacesart.com\/index.php\/producto\/reading-journal-modelo-ouabh\/","title":{"rendered":"Reading journal, modelo OUABH."},"content":{"rendered":"<p>El reading journal es la versi\u00f3n librito<\/p>\n<p>Reading Journal para anotar tus lecturas y tus rese\u00f1as.<\/p>\n<p>El reading journal tiene para m\u00e1s de 30 rese\u00f1as.<\/p>\n","protected":false},"excerpt":{"rendered":"<p>El reading journal es la versi\u00f3n librito Reading Journal para anotar tus lecturas y tus rese\u00f1as. El reading journal tiene para m\u00e1s de 30 rese\u00f1as.<\/p>\n","protected":false},"featured_media":19983,"comment_status":"open","ping_status":"closed","template":"","meta":{"_mo_disable_npp":""},"product_brand":[],"product_cat":[1772,2228,250],"product_tag":[],"class_list":{"0":"post-20066","1":"product","2":"type-product","3":"status-publish","4":"has-post-thumbnail","6":"product_cat-novedades","7":"product_cat-shop-update-febrero-2025","8":"product_cat-stationery","10":"first","11":"outofstock","12":"taxable","13":"shipping-taxable","14":"purchasable","15":"product-type-simple"},"_links":{"self":[{"href":"https:\/\/acourtofalsacesart.com\/index.php\/wp-json\/wp\/v2\/product\/20066","targetHints":{"allow":["GET"]}}],"collection":[{"href":"https:\/\/acourtofalsacesart.com\/index.php\/wp-json\/wp\/v2\/product"}],"about":[{"href":"https:\/\/acourtofalsacesart.com\/index.php\/wp-json\/wp\/v2\/types\/product"}],"replies":[{"embeddable":true,"href":"https:\/\/acourtofalsacesart.com\/index.php\/wp-json\/wp\/v2\/comments?post=20066"}],"wp:featuredmedia":[{"embeddable":true,"href":"https:\/\/acourtofalsacesart.com\/index.php\/wp-json\/wp\/v2\/media\/19983"}],"wp:attachment":[{"href":"https:\/\/acourtofalsacesart.com\/index.php\/wp-json\/wp\/v2\/media?parent=20066"}],"wp:term":[{"taxonomy":"product_brand","embeddable":true,"href":"https:\/\/acourtofalsacesart.com\/index.php\/wp-json\/wp\/v2\/product_brand?post=20066"},{"taxonomy":"product_cat","embeddable":true,"href":"https:\/\/acourtofalsacesart.com\/index.php\/wp-json\/wp\/v2\/product_cat?post=20066"},{"taxonomy":"product_tag","embeddable":true,"href":"https:\/\/acourtofalsacesart.com\/index.php\/wp-json\/wp\/v2\/product_tag?post=20066"}],"curies":[{"name":"wp","href":"https:\/\/api.w.org\/{rel}","templated":true}]}}