{"id":19954,"date":"2025-02-15T18:00:41","date_gmt":"2025-02-15T18:00:41","guid":{"rendered":"https:\/\/acourtofalsacesart.com\/?post_type=product&#038;p=19954"},"modified":"2026-04-14T08:42:29","modified_gmt":"2026-04-14T08:42:29","slug":"preorder-little-fox-set-totebag-y-beret-de-ouabh-bordado","status":"publish","type":"product","link":"https:\/\/acourtofalsacesart.com\/index.php\/producto\/preorder-little-fox-set-totebag-y-beret-de-ouabh-bordado\/","title":{"rendered":"PREORDER &#8211; Little Fox set, Totebag y Beret de OUABH, bordado."},"content":{"rendered":"<p>PREORDER &#8211; Little Fox set, Totebag y Beret de OUABH, bordado.<\/p>\n<p>Totebag bordada bajo pedido. El bordado est\u00e1 en un lateral, es bastante espaciosa y gruesa.<\/p>\n<p>Boina\/Beret bordada en la parte superior, para poder hacer este producto necesitamos que te midas el contorno de tu<\/p>\n<p>cabeza, ya que la pana es un material algo r\u00edgido, y no se puede estirar mucho.<\/p>\n<p>Para cualquier duda, escr\u00edbanos al mail: alsacesartrep@gmail.com<\/p>\n<p><strong>Tiempo de producci\u00f3n : 4\/6 semanas aprox.<\/strong><\/p>\n<p>Este es un producto confeccionado desde cero, por lo que el tiempo de producci\u00f3n es una aproximaci\u00f3n, apenas me lleguen avisar\u00e9 por insta y por el canal de telegram.<\/p>\n<p>A ese tiempo, hay que a\u00f1adirle el tiempo de empaquetado y env\u00edo que dependiendo del volumen de trabajo, puede ser de<\/p>\n<p>10 a 18 d\u00edas laborales o menos.<\/p>\n<p><em>No se realizan reembolsos de productos en preventa, ya que es un producto hecho bajo reserva para usted.<\/em><\/p>\n","protected":false},"excerpt":{"rendered":"<p>PREORDER &#8211; Little Fox set, Totebag y Beret de OUABH, bordado. Totebag bordada bajo pedido. El bordado est\u00e1 en un lateral, es bastante espaciosa y gruesa. Boina\/Beret bordada en la parte superior, para poder hacer este producto necesitamos que te midas el contorno de tu cabeza, ya que la pana [&hellip;]<\/p>\n","protected":false},"featured_media":19933,"comment_status":"open","ping_status":"closed","template":"","meta":{"_mo_disable_npp":""},"product_brand":[],"product_cat":[1294,2173,1267,2228],"product_tag":[],"class_list":{"0":"post-19954","1":"product","2":"type-product","3":"status-publish","4":"has-post-thumbnail","6":"product_cat-booksleeve","7":"product_cat-coleccion-once-upon-a-broken-heart","8":"product_cat-preventas","9":"product_cat-shop-update-febrero-2025","11":"first","12":"instock","13":"taxable","14":"shipping-taxable","15":"purchasable","16":"product-type-variable"},"_links":{"self":[{"href":"https:\/\/acourtofalsacesart.com\/index.php\/wp-json\/wp\/v2\/product\/19954","targetHints":{"allow":["GET"]}}],"collection":[{"href":"https:\/\/acourtofalsacesart.com\/index.php\/wp-json\/wp\/v2\/product"}],"about":[{"href":"https:\/\/acourtofalsacesart.com\/index.php\/wp-json\/wp\/v2\/types\/product"}],"replies":[{"embeddable":true,"href":"https:\/\/acourtofalsacesart.com\/index.php\/wp-json\/wp\/v2\/comments?post=19954"}],"wp:featuredmedia":[{"embeddable":true,"href":"https:\/\/acourtofalsacesart.com\/index.php\/wp-json\/wp\/v2\/media\/19933"}],"wp:attachment":[{"href":"https:\/\/acourtofalsacesart.com\/index.php\/wp-json\/wp\/v2\/media?parent=19954"}],"wp:term":[{"taxonomy":"product_brand","embeddable":true,"href":"https:\/\/acourtofalsacesart.com\/index.php\/wp-json\/wp\/v2\/product_brand?post=19954"},{"taxonomy":"product_cat","embeddable":true,"href":"https:\/\/acourtofalsacesart.com\/index.php\/wp-json\/wp\/v2\/product_cat?post=19954"},{"taxonomy":"product_tag","embeddable":true,"href":"https:\/\/acourtofalsacesart.com\/index.php\/wp-json\/wp\/v2\/product_tag?post=19954"}],"curies":[{"name":"wp","href":"https:\/\/api.w.org\/{rel}","templated":true}]}}