{"id":19718,"date":"2025-01-18T17:38:53","date_gmt":"2025-01-18T17:38:53","guid":{"rendered":"https:\/\/acourtofalsacesart.com\/?post_type=product&#038;p=19718"},"modified":"2025-02-16T09:06:18","modified_gmt":"2025-02-16T09:06:18","slug":"preorder-overlay-personalizada","status":"publish","type":"product","link":"https:\/\/acourtofalsacesart.com\/index.php\/producto\/preorder-overlay-personalizada\/","title":{"rendered":"PREORDER- Overlay personalizada."},"content":{"rendered":"<p>PREORDER- Overlay personalizada.<\/p>\n<p><strong>IMPORTANTE: DEJAD EN LAS NOTAS QU\u00c9 DISE\u00d1O QUER\u00c9IS Y LAS MEDIDAS DE LA HOJA DEL LIBRO. <\/strong><\/p>\n<p><strong><em>Tomad bien las medidas ya que si yo no tengo el libro, no puedo confirmar su tama\u00f1o y en caso de equivocaci\u00f3n del env\u00edo de las medidas, por parte del cliente, no se reembolsar\u00eda ni rehar\u00eda sin costos extras.<\/em><\/strong><\/p>\n<p>Esto es una preventa, por lo que se enviar\u00e1 en 2\/4 semanas aprox.<\/p>\n<p>Se puede personalizar con cualquier dise\u00f1o del cat\u00e1logo y para cualquier tama\u00f1o de libro, se pueden combinar diferentes libros y diferentes tem\u00e1ticas, pero son de dise\u00f1os existentes.<\/p>\n<p>Si buscas un dise\u00f1o personalizado de 0, consulta nuestros encargos personalizados via DM o mail.<\/p>\n<p><strong>Este es un objeto en preventa, hecho bajo pedido, por lo que el tiempo de producci\u00f3n podr\u00e1 variar, ya que la producci\u00f3n de este es externa. Actualizamos la llegada de las preventas en las stories de Instagram apenas nos llegan.\u00a0<\/strong><\/p>\n<p><strong>Cualquier duda, la responder\u00e9 por mail, o DM.\u00a0<\/strong><\/p>\n","protected":false},"excerpt":{"rendered":"<p>PREORDER- Overlay personalizada. IMPORTANTE: DEJAD EN LAS NOTAS QU\u00c9 DISE\u00d1O QUER\u00c9IS Y LAS MEDIDAS DE LA HOJA DEL LIBRO. Tomad bien las medidas ya que si yo no tengo el libro, no puedo confirmar su tama\u00f1o y en caso de equivocaci\u00f3n del env\u00edo de las medidas, por parte del cliente, [&hellip;]<\/p>\n","protected":false},"featured_media":19672,"comment_status":"open","ping_status":"closed","template":"","meta":{"_mo_disable_npp":""},"product_brand":[],"product_cat":[2182,1772,2205,1267,2171],"product_tag":[],"class_list":{"0":"post-19718","1":"product","2":"type-product","3":"status-publish","4":"has-post-thumbnail","6":"product_cat-coleccion-personalizable","7":"product_cat-novedades","8":"product_cat-overlays","9":"product_cat-preventas","10":"product_cat-shop-update-enero-2025","12":"first","13":"instock","14":"taxable","15":"shipping-taxable","16":"purchasable","17":"product-type-variable"},"_links":{"self":[{"href":"https:\/\/acourtofalsacesart.com\/index.php\/wp-json\/wp\/v2\/product\/19718","targetHints":{"allow":["GET"]}}],"collection":[{"href":"https:\/\/acourtofalsacesart.com\/index.php\/wp-json\/wp\/v2\/product"}],"about":[{"href":"https:\/\/acourtofalsacesart.com\/index.php\/wp-json\/wp\/v2\/types\/product"}],"replies":[{"embeddable":true,"href":"https:\/\/acourtofalsacesart.com\/index.php\/wp-json\/wp\/v2\/comments?post=19718"}],"wp:featuredmedia":[{"embeddable":true,"href":"https:\/\/acourtofalsacesart.com\/index.php\/wp-json\/wp\/v2\/media\/19672"}],"wp:attachment":[{"href":"https:\/\/acourtofalsacesart.com\/index.php\/wp-json\/wp\/v2\/media?parent=19718"}],"wp:term":[{"taxonomy":"product_brand","embeddable":true,"href":"https:\/\/acourtofalsacesart.com\/index.php\/wp-json\/wp\/v2\/product_brand?post=19718"},{"taxonomy":"product_cat","embeddable":true,"href":"https:\/\/acourtofalsacesart.com\/index.php\/wp-json\/wp\/v2\/product_cat?post=19718"},{"taxonomy":"product_tag","embeddable":true,"href":"https:\/\/acourtofalsacesart.com\/index.php\/wp-json\/wp\/v2\/product_tag?post=19718"}],"curies":[{"name":"wp","href":"https:\/\/api.w.org\/{rel}","templated":true}]}}