{"id":19582,"date":"2025-01-18T16:29:30","date_gmt":"2025-01-18T16:29:30","guid":{"rendered":"https:\/\/acourtofalsacesart.com\/?post_type=product&#038;p=19582"},"modified":"2025-09-16T13:52:44","modified_gmt":"2025-09-16T13:52:44","slug":"custom-holographic-start-and-heart-shape-magnetic-bookmark","status":"publish","type":"product","link":"https:\/\/acourtofalsacesart.com\/index.php\/producto\/custom-holographic-start-and-heart-shape-magnetic-bookmark\/","title":{"rendered":"Custom Holographic start and heart shape, magnetic bookmark."},"content":{"rendered":"<p>Custom Holographic start and heart shape, magnetic bookmark.<\/p>\n<p>P\u00d3DEIS PERSONALIZARLO CON CUALQUIER DISE\u00d1O DEL CAT\u00c1LOGO.<\/p>\n<p>&nbsp;<\/p>\n","protected":false},"excerpt":{"rendered":"<p>Marcap\u00e1ginas con acabado glitter: personalizalo con cualquier dise\u00f1o del &#8230;<\/p>\n","protected":false},"featured_media":19739,"comment_status":"open","ping_status":"closed","template":"","meta":{"_mo_disable_npp":""},"product_brand":[],"product_cat":[2182,278,2171],"product_tag":[],"class_list":{"0":"post-19582","1":"product","2":"type-product","3":"status-publish","4":"has-post-thumbnail","6":"product_cat-coleccion-personalizable","7":"product_cat-ma","8":"product_cat-shop-update-enero-2025","10":"first","11":"instock","12":"taxable","13":"shipping-taxable","14":"purchasable","15":"product-type-variable"},"_links":{"self":[{"href":"https:\/\/acourtofalsacesart.com\/index.php\/wp-json\/wp\/v2\/product\/19582","targetHints":{"allow":["GET"]}}],"collection":[{"href":"https:\/\/acourtofalsacesart.com\/index.php\/wp-json\/wp\/v2\/product"}],"about":[{"href":"https:\/\/acourtofalsacesart.com\/index.php\/wp-json\/wp\/v2\/types\/product"}],"replies":[{"embeddable":true,"href":"https:\/\/acourtofalsacesart.com\/index.php\/wp-json\/wp\/v2\/comments?post=19582"}],"wp:featuredmedia":[{"embeddable":true,"href":"https:\/\/acourtofalsacesart.com\/index.php\/wp-json\/wp\/v2\/media\/19739"}],"wp:attachment":[{"href":"https:\/\/acourtofalsacesart.com\/index.php\/wp-json\/wp\/v2\/media?parent=19582"}],"wp:term":[{"taxonomy":"product_brand","embeddable":true,"href":"https:\/\/acourtofalsacesart.com\/index.php\/wp-json\/wp\/v2\/product_brand?post=19582"},{"taxonomy":"product_cat","embeddable":true,"href":"https:\/\/acourtofalsacesart.com\/index.php\/wp-json\/wp\/v2\/product_cat?post=19582"},{"taxonomy":"product_tag","embeddable":true,"href":"https:\/\/acourtofalsacesart.com\/index.php\/wp-json\/wp\/v2\/product_tag?post=19582"}],"curies":[{"name":"wp","href":"https:\/\/api.w.org\/{rel}","templated":true}]}}